{"id":104,"date":"2018-11-01T18:34:52","date_gmt":"2018-11-01T17:34:52","guid":{"rendered":"http:\/\/meltingchoc.fr\/?page_id=104"},"modified":"2025-11-15T10:57:25","modified_gmt":"2025-11-15T09:57:25","slug":"chocolat-artisanal-evian","status":"publish","type":"page","link":"https:\/\/meltingchoc.fr\/index.php\/chocolat-artisanal-evian\/","title":{"rendered":"Le Chocolat"},"content":{"rendered":"\n<h2 class=\"wp-block-heading\">Chocolat artisanal \u00e0 Evian, l\u2019univers gourmand de Kristine Mourre<\/h2>\n\n\n\n<p>Chaque semaine, notre laboratoire \u00e0 <strong><a href=\"https:\/\/www.evian-tourisme.com\/commerce\/melting-choc-patissier-chocolatier-confiseur-glacier-5124169\/\">\u00c9vian-les-Bains<\/a><\/strong> devient un v\u00e9ritable sanctuaire du chocolat. Les effluves de cacao, les notes fruit\u00e9es et les parfums \u00e9pic\u00e9s s\u2019y m\u00ealent pour donner naissance \u00e0 des <strong>cr\u00e9ations<\/strong> uniques, <strong>fa\u00e7onn\u00e9es sur place<\/strong> avec passion et exigence.<\/p>\n\n\n\n<figure class=\"wp-block-gallery has-nested-images columns-default is-cropped wp-block-gallery-1 is-layout-flex wp-block-gallery-is-layout-flex\">\n<figure class=\"wp-block-image size-large\"><img loading=\"lazy\" decoding=\"async\" width=\"1024\" height=\"683\" data-id=\"269\" src=\"https:\/\/meltingchoc.fr\/wp-content\/uploads\/2019\/04\/Melting-Choc-18-1024x683.jpg\" alt=\"\" class=\"wp-image-269\" srcset=\"https:\/\/meltingchoc.fr\/wp-content\/uploads\/2019\/04\/Melting-Choc-18-1024x683.jpg 1024w, https:\/\/meltingchoc.fr\/wp-content\/uploads\/2019\/04\/Melting-Choc-18-300x200.jpg 300w, https:\/\/meltingchoc.fr\/wp-content\/uploads\/2019\/04\/Melting-Choc-18-768x512.jpg 768w\" sizes=\"auto, (max-width: 767px) 89vw, (max-width: 1000px) 54vw, (max-width: 1071px) 543px, 580px\" \/><\/figure>\n\n\n\n<figure class=\"wp-block-image size-large\"><img loading=\"lazy\" decoding=\"async\" width=\"768\" height=\"1024\" data-id=\"615\" src=\"https:\/\/meltingchoc.fr\/wp-content\/uploads\/2024\/03\/IMG_6189-768x1024.jpeg\" alt=\"\" class=\"wp-image-615\" srcset=\"https:\/\/meltingchoc.fr\/wp-content\/uploads\/2024\/03\/IMG_6189-768x1024.jpeg 768w, https:\/\/meltingchoc.fr\/wp-content\/uploads\/2024\/03\/IMG_6189-225x300.jpeg 225w, https:\/\/meltingchoc.fr\/wp-content\/uploads\/2024\/03\/IMG_6189-1152x1536.jpeg 1152w, https:\/\/meltingchoc.fr\/wp-content\/uploads\/2024\/03\/IMG_6189-1536x2048.jpeg 1536w, https:\/\/meltingchoc.fr\/wp-content\/uploads\/2024\/03\/IMG_6189-scaled.jpeg 1920w\" sizes=\"auto, (max-width: 767px) 89vw, (max-width: 1000px) 54vw, (max-width: 1071px) 543px, 580px\" \/><\/figure>\n\n\n\n<figure class=\"wp-block-image size-large\"><img loading=\"lazy\" decoding=\"async\" width=\"1024\" height=\"768\" data-id=\"23\" src=\"https:\/\/meltingchoc.fr\/wp-content\/uploads\/2018\/10\/042-1024x768.jpg\" alt=\"\" class=\"wp-image-23\" srcset=\"https:\/\/meltingchoc.fr\/wp-content\/uploads\/2018\/10\/042-1024x768.jpg 1024w, https:\/\/meltingchoc.fr\/wp-content\/uploads\/2018\/10\/042-300x225.jpg 300w, https:\/\/meltingchoc.fr\/wp-content\/uploads\/2018\/10\/042-768x576.jpg 768w\" sizes=\"auto, (max-width: 767px) 89vw, (max-width: 1000px) 54vw, (max-width: 1071px) 543px, 580px\" \/><\/figure>\n<\/figure>\n\n\n\n<p><strong>Ganaches<\/strong> tendres au Th\u00e9 Rouge, Palet Or, Framboise, Fruit de la Passion, Caf\u00e9 ou F\u00e8ve de Tonka\u2026 <strong>Pralin\u00e9s<\/strong> aff\u00fbt\u00e9s \u00e0 la Noix de Coco, Rocher ou Croustillant\u2026 Chaque bouch\u00e9e est pens\u00e9e pour r\u00e9veiller les papilles et marquer les esprits.<\/p>\n\n\n\n<p>Quand les <strong><a href=\"https:\/\/meltingchoc.fr\/\">f\u00eates de no\u00ebl<\/a><\/strong> approchent, notre cr\u00e9ativit\u00e9 s\u2019emballe : Caramel Kalamansi \u2014 clin d\u2019\u0153il aux racines Philippines de notre chocolati\u00e8re \u2014 Framboise\/Pistache, Orange\/Gru\u00e9 de cacao, Menthe\/Chocolat noir\u2026 Des <strong>mariages audacieux<\/strong>, \u00e9ph\u00e9m\u00e8res, et r\u00e9solument gourmands.<\/p>\n\n\n\n<h2 class=\"wp-block-heading has-medium-font-size\">Tablettes Grands Crus \u2013 Le chocolat noir dans toute sa puissance<\/h2>\n\n\n\n<p>Chocolats de plantation, origines vari\u00e9es, profils aromatiques complexes\u2026 Notre <strong>s\u00e9lection de Grands Crus<\/strong> se d\u00e9cline en tablettes de 100 g, pens\u00e9es pour les amateurs de sensations fortes. Explosion d\u2019ar\u00f4mes garantie. <\/p>\n\n\n\n<p>Coup de c\u0153ur du cheffe Kristine :\u00a0<strong>Mexique 75 %\u00a0<\/strong>\u00a0\u2014 douceurs de fruits exotiques, notes de fruits secs grill\u00e9s, amertume \u00e9l\u00e9gante. Un must chez <a href=\"https:\/\/meltingchoc.fr\/index.php\/https-www-facebook-com-melting-choc-evian\/\"><strong>Melting Choc<\/strong>.<\/a><\/p>\n\n\n\n<figure class=\"wp-block-image\"><a href=\"https:\/\/meltingchoc.fr\"><img loading=\"lazy\" decoding=\"async\" width=\"567\" height=\"111\" src=\"https:\/\/meltingchoc.fr\/wp-content\/uploads\/2019\/02\/MClogo.jpg\" alt=\"\" class=\"wp-image-134\" srcset=\"https:\/\/meltingchoc.fr\/wp-content\/uploads\/2019\/02\/MClogo.jpg 567w, https:\/\/meltingchoc.fr\/wp-content\/uploads\/2019\/02\/MClogo-300x59.jpg 300w\" sizes=\"auto, (max-width: 567px) 100vw, 567px\" \/><\/a><\/figure>\n","protected":false},"excerpt":{"rendered":"<p>Chocolat artisanal \u00e0 Evian, l\u2019univers gourmand de Kristine Mourre Chaque semaine, notre laboratoire \u00e0 \u00c9vian-les-Bains devient un v\u00e9ritable sanctuaire du chocolat. Les effluves de cacao, les notes fruit\u00e9es et les parfums \u00e9pic\u00e9s s\u2019y m\u00ealent pour donner naissance \u00e0 des cr\u00e9ations uniques, fa\u00e7onn\u00e9es sur place avec passion et exigence. Ganaches tendres au Th\u00e9 Rouge, Palet Or, &hellip; <\/p>\n<p class=\"link-more\"><a href=\"https:\/\/meltingchoc.fr\/index.php\/chocolat-artisanal-evian\/\" class=\"more-link\">Continuer la lecture<span class=\"screen-reader-text\"> de &laquo;&nbsp;Le Chocolat&nbsp;&raquo;<\/span><\/a><\/p>\n","protected":false},"author":1,"featured_media":280,"parent":0,"menu_order":1,"comment_status":"closed","ping_status":"closed","template":"","meta":{"footnotes":""},"class_list":["post-104","page","type-page","status-publish","has-post-thumbnail","hentry"],"yoast_head":"<!-- This site is optimized with the Yoast SEO plugin v26.3 - https:\/\/yoast.com\/wordpress\/plugins\/seo\/ -->\n<title>Chocolat artisanal \u00e0 Evian<\/title>\n<meta name=\"description\" content=\"Chocolat Evian : Kristine Mourre vous propose des cr\u00e9ations artisanales uniques, Grands Crus, ganaches et douceurs locales.\" \/>\n<meta name=\"robots\" content=\"index, follow, max-snippet:-1, max-image-preview:large, max-video-preview:-1\" \/>\n<link rel=\"canonical\" href=\"https:\/\/meltingchoc.fr\/index.php\/chocolat-artisanal-evian\/\" \/>\n<meta property=\"og:locale\" content=\"fr_FR\" \/>\n<meta property=\"og:type\" content=\"article\" \/>\n<meta property=\"og:title\" content=\"Chocolat artisanal \u00e0 Evian\" \/>\n<meta property=\"og:description\" content=\"Chocolat Evian : Kristine Mourre vous propose des cr\u00e9ations artisanales uniques, Grands Crus, ganaches et douceurs locales.\" \/>\n<meta property=\"og:url\" content=\"https:\/\/meltingchoc.fr\/index.php\/chocolat-artisanal-evian\/\" \/>\n<meta property=\"og:site_name\" content=\"Melting Choc Evian\" \/>\n<meta property=\"article:publisher\" content=\"https:\/\/www.facebook.com\/melting.choc.evian\" \/>\n<meta property=\"article:modified_time\" content=\"2025-11-15T09:57:25+00:00\" \/>\n<meta property=\"og:image\" content=\"https:\/\/meltingchoc.fr\/wp-content\/uploads\/2019\/04\/Melting-Choc-29.jpg\" \/>\n\t<meta property=\"og:image:width\" content=\"1735\" \/>\n\t<meta property=\"og:image:height\" content=\"2600\" \/>\n\t<meta property=\"og:image:type\" content=\"image\/jpeg\" \/>\n<meta name=\"twitter:card\" content=\"summary_large_image\" \/>\n<meta name=\"twitter:label1\" content=\"Dur\u00e9e de lecture estim\u00e9e\" \/>\n\t<meta name=\"twitter:data1\" content=\"2 minutes\" \/>\n<script type=\"application\/ld+json\" class=\"yoast-schema-graph\">{\"@context\":\"https:\/\/schema.org\",\"@graph\":[{\"@type\":\"WebPage\",\"@id\":\"https:\/\/meltingchoc.fr\/index.php\/chocolat-artisanal-evian\/\",\"url\":\"https:\/\/meltingchoc.fr\/index.php\/chocolat-artisanal-evian\/\",\"name\":\"Chocolat artisanal \u00e0 Evian\",\"isPartOf\":{\"@id\":\"https:\/\/meltingchoc.fr\/#website\"},\"primaryImageOfPage\":{\"@id\":\"https:\/\/meltingchoc.fr\/index.php\/chocolat-artisanal-evian\/#primaryimage\"},\"image\":{\"@id\":\"https:\/\/meltingchoc.fr\/index.php\/chocolat-artisanal-evian\/#primaryimage\"},\"thumbnailUrl\":\"https:\/\/meltingchoc.fr\/wp-content\/uploads\/2019\/04\/Melting-Choc-29.jpg\",\"datePublished\":\"2018-11-01T17:34:52+00:00\",\"dateModified\":\"2025-11-15T09:57:25+00:00\",\"description\":\"Chocolat Evian : Kristine Mourre vous propose des cr\u00e9ations artisanales uniques, Grands Crus, ganaches et douceurs locales.\",\"breadcrumb\":{\"@id\":\"https:\/\/meltingchoc.fr\/index.php\/chocolat-artisanal-evian\/#breadcrumb\"},\"inLanguage\":\"fr-FR\",\"potentialAction\":[{\"@type\":\"ReadAction\",\"target\":[\"https:\/\/meltingchoc.fr\/index.php\/chocolat-artisanal-evian\/\"]}]},{\"@type\":\"ImageObject\",\"inLanguage\":\"fr-FR\",\"@id\":\"https:\/\/meltingchoc.fr\/index.php\/chocolat-artisanal-evian\/#primaryimage\",\"url\":\"https:\/\/meltingchoc.fr\/wp-content\/uploads\/2019\/04\/Melting-Choc-29.jpg\",\"contentUrl\":\"https:\/\/meltingchoc.fr\/wp-content\/uploads\/2019\/04\/Melting-Choc-29.jpg\",\"width\":1735,\"height\":2600},{\"@type\":\"BreadcrumbList\",\"@id\":\"https:\/\/meltingchoc.fr\/index.php\/chocolat-artisanal-evian\/#breadcrumb\",\"itemListElement\":[{\"@type\":\"ListItem\",\"position\":1,\"name\":\"Accueil\",\"item\":\"https:\/\/meltingchoc.fr\/\"},{\"@type\":\"ListItem\",\"position\":2,\"name\":\"Le Chocolat\"}]},{\"@type\":\"WebSite\",\"@id\":\"https:\/\/meltingchoc.fr\/#website\",\"url\":\"https:\/\/meltingchoc.fr\/\",\"name\":\"Melting Choc Evian\",\"description\":\"Glacier Chocolatier P\u00e2tissier\",\"publisher\":{\"@id\":\"https:\/\/meltingchoc.fr\/#organization\"},\"potentialAction\":[{\"@type\":\"SearchAction\",\"target\":{\"@type\":\"EntryPoint\",\"urlTemplate\":\"https:\/\/meltingchoc.fr\/?s={search_term_string}\"},\"query-input\":{\"@type\":\"PropertyValueSpecification\",\"valueRequired\":true,\"valueName\":\"search_term_string\"}}],\"inLanguage\":\"fr-FR\"},{\"@type\":\"Organization\",\"@id\":\"https:\/\/meltingchoc.fr\/#organization\",\"name\":\"Melting Choc Evian\",\"url\":\"https:\/\/meltingchoc.fr\/\",\"logo\":{\"@type\":\"ImageObject\",\"inLanguage\":\"fr-FR\",\"@id\":\"https:\/\/meltingchoc.fr\/#\/schema\/logo\/image\/\",\"url\":\"\",\"contentUrl\":\"\",\"caption\":\"Melting Choc Evian\"},\"image\":{\"@id\":\"https:\/\/meltingchoc.fr\/#\/schema\/logo\/image\/\"},\"sameAs\":[\"https:\/\/www.facebook.com\/melting.choc.evian\",\"https:\/\/www.instagram.com\/explore\/locations\/1169274436548085\/melting-choc-evian\/\"]}]}<\/script>\n<!-- \/ Yoast SEO plugin. -->","yoast_head_json":{"title":"Chocolat artisanal \u00e0 Evian","description":"Chocolat Evian : Kristine Mourre vous propose des cr\u00e9ations artisanales uniques, Grands Crus, ganaches et douceurs locales.","robots":{"index":"index","follow":"follow","max-snippet":"max-snippet:-1","max-image-preview":"max-image-preview:large","max-video-preview":"max-video-preview:-1"},"canonical":"https:\/\/meltingchoc.fr\/index.php\/chocolat-artisanal-evian\/","og_locale":"fr_FR","og_type":"article","og_title":"Chocolat artisanal \u00e0 Evian","og_description":"Chocolat Evian : Kristine Mourre vous propose des cr\u00e9ations artisanales uniques, Grands Crus, ganaches et douceurs locales.","og_url":"https:\/\/meltingchoc.fr\/index.php\/chocolat-artisanal-evian\/","og_site_name":"Melting Choc Evian","article_publisher":"https:\/\/www.facebook.com\/melting.choc.evian","article_modified_time":"2025-11-15T09:57:25+00:00","og_image":[{"width":1735,"height":2600,"url":"https:\/\/meltingchoc.fr\/wp-content\/uploads\/2019\/04\/Melting-Choc-29.jpg","type":"image\/jpeg"}],"twitter_card":"summary_large_image","twitter_misc":{"Dur\u00e9e de lecture estim\u00e9e":"2 minutes"},"schema":{"@context":"https:\/\/schema.org","@graph":[{"@type":"WebPage","@id":"https:\/\/meltingchoc.fr\/index.php\/chocolat-artisanal-evian\/","url":"https:\/\/meltingchoc.fr\/index.php\/chocolat-artisanal-evian\/","name":"Chocolat artisanal \u00e0 Evian","isPartOf":{"@id":"https:\/\/meltingchoc.fr\/#website"},"primaryImageOfPage":{"@id":"https:\/\/meltingchoc.fr\/index.php\/chocolat-artisanal-evian\/#primaryimage"},"image":{"@id":"https:\/\/meltingchoc.fr\/index.php\/chocolat-artisanal-evian\/#primaryimage"},"thumbnailUrl":"https:\/\/meltingchoc.fr\/wp-content\/uploads\/2019\/04\/Melting-Choc-29.jpg","datePublished":"2018-11-01T17:34:52+00:00","dateModified":"2025-11-15T09:57:25+00:00","description":"Chocolat Evian : Kristine Mourre vous propose des cr\u00e9ations artisanales uniques, Grands Crus, ganaches et douceurs locales.","breadcrumb":{"@id":"https:\/\/meltingchoc.fr\/index.php\/chocolat-artisanal-evian\/#breadcrumb"},"inLanguage":"fr-FR","potentialAction":[{"@type":"ReadAction","target":["https:\/\/meltingchoc.fr\/index.php\/chocolat-artisanal-evian\/"]}]},{"@type":"ImageObject","inLanguage":"fr-FR","@id":"https:\/\/meltingchoc.fr\/index.php\/chocolat-artisanal-evian\/#primaryimage","url":"https:\/\/meltingchoc.fr\/wp-content\/uploads\/2019\/04\/Melting-Choc-29.jpg","contentUrl":"https:\/\/meltingchoc.fr\/wp-content\/uploads\/2019\/04\/Melting-Choc-29.jpg","width":1735,"height":2600},{"@type":"BreadcrumbList","@id":"https:\/\/meltingchoc.fr\/index.php\/chocolat-artisanal-evian\/#breadcrumb","itemListElement":[{"@type":"ListItem","position":1,"name":"Accueil","item":"https:\/\/meltingchoc.fr\/"},{"@type":"ListItem","position":2,"name":"Le Chocolat"}]},{"@type":"WebSite","@id":"https:\/\/meltingchoc.fr\/#website","url":"https:\/\/meltingchoc.fr\/","name":"Melting Choc Evian","description":"Glacier Chocolatier P\u00e2tissier","publisher":{"@id":"https:\/\/meltingchoc.fr\/#organization"},"potentialAction":[{"@type":"SearchAction","target":{"@type":"EntryPoint","urlTemplate":"https:\/\/meltingchoc.fr\/?s={search_term_string}"},"query-input":{"@type":"PropertyValueSpecification","valueRequired":true,"valueName":"search_term_string"}}],"inLanguage":"fr-FR"},{"@type":"Organization","@id":"https:\/\/meltingchoc.fr\/#organization","name":"Melting Choc Evian","url":"https:\/\/meltingchoc.fr\/","logo":{"@type":"ImageObject","inLanguage":"fr-FR","@id":"https:\/\/meltingchoc.fr\/#\/schema\/logo\/image\/","url":"","contentUrl":"","caption":"Melting Choc Evian"},"image":{"@id":"https:\/\/meltingchoc.fr\/#\/schema\/logo\/image\/"},"sameAs":["https:\/\/www.facebook.com\/melting.choc.evian","https:\/\/www.instagram.com\/explore\/locations\/1169274436548085\/melting-choc-evian\/"]}]}},"_links":{"self":[{"href":"https:\/\/meltingchoc.fr\/index.php\/wp-json\/wp\/v2\/pages\/104","targetHints":{"allow":["GET"]}}],"collection":[{"href":"https:\/\/meltingchoc.fr\/index.php\/wp-json\/wp\/v2\/pages"}],"about":[{"href":"https:\/\/meltingchoc.fr\/index.php\/wp-json\/wp\/v2\/types\/page"}],"author":[{"embeddable":true,"href":"https:\/\/meltingchoc.fr\/index.php\/wp-json\/wp\/v2\/users\/1"}],"replies":[{"embeddable":true,"href":"https:\/\/meltingchoc.fr\/index.php\/wp-json\/wp\/v2\/comments?post=104"}],"version-history":[{"count":22,"href":"https:\/\/meltingchoc.fr\/index.php\/wp-json\/wp\/v2\/pages\/104\/revisions"}],"predecessor-version":[{"id":824,"href":"https:\/\/meltingchoc.fr\/index.php\/wp-json\/wp\/v2\/pages\/104\/revisions\/824"}],"wp:featuredmedia":[{"embeddable":true,"href":"https:\/\/meltingchoc.fr\/index.php\/wp-json\/wp\/v2\/media\/280"}],"wp:attachment":[{"href":"https:\/\/meltingchoc.fr\/index.php\/wp-json\/wp\/v2\/media?parent=104"}],"curies":[{"name":"wp","href":"https:\/\/api.w.org\/{rel}","templated":true}]}}