{"id":108,"date":"2018-11-01T18:39:52","date_gmt":"2018-11-01T17:39:52","guid":{"rendered":"http:\/\/meltingchoc.fr\/?page_id=108"},"modified":"2025-11-15T14:41:50","modified_gmt":"2025-11-15T13:41:50","slug":"patisserie-artisanale-evian","status":"publish","type":"page","link":"https:\/\/meltingchoc.fr\/index.php\/patisserie-artisanale-evian\/","title":{"rendered":"La P\u00e2tisserie"},"content":{"rendered":"\n<h2 class=\"wp-block-heading\">P\u00e2tisserie artisanale \u00e0 Evian:\u00a0l&rsquo;alchimie des douceurs par Philippe Mourre<span style=\"caret-color: rgb(0, 0, 0); color: rgb(0, 0, 0); font-family: -webkit-standard; font-size: medium; white-space: normal;\"><\/span><\/h2>\n\n\n\n<p>Plut\u00f4t chocolat\u00e9, fruit\u00e9, fondant, croustillant\u2026 ou carr\u00e9ment audacieux ? Chez nous, chaque p\u00e2tisserie est une escale gourmande, imagin\u00e9e et <strong>fa\u00e7onn\u00e9e sur place<\/strong>, au c\u0153ur d\u2019<strong><a href=\"https:\/\/www.evian-tourisme.com\/commerce\/melting-choc-patissier-chocolatier-confiseur-glacier-5124169\/\">\u00c9vian-les-Bains<\/a><\/strong>.<\/p>\n\n\n\n<figure class=\"wp-block-gallery has-nested-images columns-default is-cropped wp-block-gallery-1 is-layout-flex wp-block-gallery-is-layout-flex\">\n<figure class=\"wp-block-image size-large\"><img loading=\"lazy\" decoding=\"async\" width=\"1024\" height=\"567\" data-id=\"329\" src=\"https:\/\/meltingchoc.fr\/wp-content\/uploads\/2019\/04\/cropped-Melting-Choc-50-1024x567.jpg\" alt=\"\" class=\"wp-image-329\" srcset=\"https:\/\/meltingchoc.fr\/wp-content\/uploads\/2019\/04\/cropped-Melting-Choc-50-1024x567.jpg 1024w, https:\/\/meltingchoc.fr\/wp-content\/uploads\/2019\/04\/cropped-Melting-Choc-50-300x166.jpg 300w, https:\/\/meltingchoc.fr\/wp-content\/uploads\/2019\/04\/cropped-Melting-Choc-50-768x425.jpg 768w, https:\/\/meltingchoc.fr\/wp-content\/uploads\/2019\/04\/cropped-Melting-Choc-50.jpg 2000w\" sizes=\"auto, (max-width: 767px) 89vw, (max-width: 1000px) 54vw, (max-width: 1071px) 543px, 580px\" \/><\/figure>\n\n\n\n<figure class=\"wp-block-image size-large\"><img loading=\"lazy\" decoding=\"async\" width=\"1024\" height=\"688\" data-id=\"312\" src=\"https:\/\/meltingchoc.fr\/wp-content\/uploads\/2019\/04\/Melting-Choc-61-1024x688.jpg\" alt=\"\" class=\"wp-image-312\" srcset=\"https:\/\/meltingchoc.fr\/wp-content\/uploads\/2019\/04\/Melting-Choc-61-1024x688.jpg 1024w, https:\/\/meltingchoc.fr\/wp-content\/uploads\/2019\/04\/Melting-Choc-61-300x202.jpg 300w, https:\/\/meltingchoc.fr\/wp-content\/uploads\/2019\/04\/Melting-Choc-61-768x516.jpg 768w\" sizes=\"auto, (max-width: 767px) 89vw, (max-width: 1000px) 54vw, (max-width: 1071px) 543px, 580px\" \/><\/figure>\n\n\n\n<figure class=\"wp-block-image size-large\"><img loading=\"lazy\" decoding=\"async\" width=\"683\" height=\"1024\" data-id=\"304\" src=\"https:\/\/meltingchoc.fr\/wp-content\/uploads\/2019\/04\/Melting-Choc-53-683x1024.jpg\" alt=\"\" class=\"wp-image-304\" srcset=\"https:\/\/meltingchoc.fr\/wp-content\/uploads\/2019\/04\/Melting-Choc-53-683x1024.jpg 683w, https:\/\/meltingchoc.fr\/wp-content\/uploads\/2019\/04\/Melting-Choc-53-200x300.jpg 200w, https:\/\/meltingchoc.fr\/wp-content\/uploads\/2019\/04\/Melting-Choc-53-768x1151.jpg 768w, https:\/\/meltingchoc.fr\/wp-content\/uploads\/2019\/04\/Melting-Choc-53.jpg 1735w\" sizes=\"auto, (max-width: 683px) 100vw, 683px\" \/><\/figure>\n<\/figure>\n\n\n\n<p>Dans notre p\u00e2tisserie artisanale \u00e0 Evian, nous revisitons les grands classiques avec une touche d\u2019ailleurs : le <strong>Paris-Brest<\/strong> s\u2019all\u00e8ge sans beurre, le citron devient <strong>Limonsito<\/strong> aux accents tropicaux, le <strong>Royal<\/strong> se pare de perles chocolat\u00e9es qui craquent sous la dent, et l\u2019<strong>Exotique<\/strong> vous emm\u00e8ne loin, tr\u00e8s loin\u2026<\/p>\n\n\n\n<p>Textures, contrastes, \u00e9motions : nos p\u00e2tisseries artisanales, on dose la sucrosit\u00e9 avec justesse, on joue avec les saisons, et on compose des g\u00e2teaux <strong>qui font voyager<\/strong> les papilles. \u00c0 emporter, \u00e0 partager, \u00e0 savourer.<\/p>\n\n\n\n<p>Passez la porte. Le voyage commence ici.<\/p>\n\n\n\n<figure class=\"wp-block-image\"><a href=\"https:\/\/meltingchoc.fr\"><img loading=\"lazy\" decoding=\"async\" width=\"567\" height=\"111\" src=\"https:\/\/meltingchoc.fr\/wp-content\/uploads\/2019\/02\/MClogo.jpg\" alt=\"\" class=\"wp-image-134\" srcset=\"https:\/\/meltingchoc.fr\/wp-content\/uploads\/2019\/02\/MClogo.jpg 567w, https:\/\/meltingchoc.fr\/wp-content\/uploads\/2019\/02\/MClogo-300x59.jpg 300w\" sizes=\"auto, (max-width: 567px) 100vw, 567px\" \/><\/a><\/figure>\n\n\n\n<p><\/p>\n","protected":false},"excerpt":{"rendered":"<p>P\u00e2tisserie artisanale \u00e0 Evian:\u00a0l&rsquo;alchimie des douceurs par Philippe Mourre Plut\u00f4t chocolat\u00e9, fruit\u00e9, fondant, croustillant\u2026 ou carr\u00e9ment audacieux ? Chez nous, chaque p\u00e2tisserie est une escale gourmande, imagin\u00e9e et fa\u00e7onn\u00e9e sur place, au c\u0153ur d\u2019\u00c9vian-les-Bains. Dans notre p\u00e2tisserie artisanale \u00e0 Evian, nous revisitons les grands classiques avec une touche d\u2019ailleurs : le Paris-Brest s\u2019all\u00e8ge sans beurre, &hellip; <\/p>\n<p class=\"link-more\"><a href=\"https:\/\/meltingchoc.fr\/index.php\/patisserie-artisanale-evian\/\" class=\"more-link\">Continuer la lecture<span class=\"screen-reader-text\"> de &laquo;&nbsp;La P\u00e2tisserie&nbsp;&raquo;<\/span><\/a><\/p>\n","protected":false},"author":1,"featured_media":300,"parent":0,"menu_order":2,"comment_status":"closed","ping_status":"closed","template":"","meta":{"footnotes":""},"class_list":["post-108","page","type-page","status-publish","has-post-thumbnail","hentry"],"yoast_head":"<!-- This site is optimized with the Yoast SEO plugin v26.3 - https:\/\/yoast.com\/wordpress\/plugins\/seo\/ -->\n<title>P\u00e2tisserie artisanale \u00e0 Evian \u2013 Philippe Mourre, ma\u00eetre p\u00e2tissier<\/title>\n<meta name=\"description\" content=\"P\u00e2tisserie artisanale \u00e0 Evian : savourez des douceurs \u00e9l\u00e9gantes, de saison et faites maison par Philippe Mourre.\" \/>\n<meta name=\"robots\" content=\"index, follow, max-snippet:-1, max-image-preview:large, max-video-preview:-1\" \/>\n<link rel=\"canonical\" href=\"https:\/\/meltingchoc.fr\/index.php\/patisserie-artisanale-evian\/\" \/>\n<meta property=\"og:locale\" content=\"fr_FR\" \/>\n<meta property=\"og:type\" content=\"article\" \/>\n<meta property=\"og:title\" content=\"P\u00e2tisserie artisanale \u00e0 Evian \u2013 Philippe Mourre, ma\u00eetre p\u00e2tissier\" \/>\n<meta property=\"og:description\" content=\"P\u00e2tisserie artisanale \u00e0 Evian : savourez des douceurs \u00e9l\u00e9gantes, de saison et faites maison par Philippe Mourre.\" \/>\n<meta property=\"og:url\" content=\"https:\/\/meltingchoc.fr\/index.php\/patisserie-artisanale-evian\/\" \/>\n<meta property=\"og:site_name\" content=\"Melting Choc Evian\" \/>\n<meta property=\"article:publisher\" content=\"https:\/\/www.facebook.com\/melting.choc.evian\" \/>\n<meta property=\"article:modified_time\" content=\"2025-11-15T13:41:50+00:00\" \/>\n<meta property=\"og:image\" content=\"https:\/\/meltingchoc.fr\/wp-content\/uploads\/2019\/04\/Melting-Choc-49.jpg\" \/>\n\t<meta property=\"og:image:width\" content=\"1664\" \/>\n\t<meta property=\"og:image:height\" content=\"2600\" \/>\n\t<meta property=\"og:image:type\" content=\"image\/jpeg\" \/>\n<meta name=\"twitter:card\" content=\"summary_large_image\" \/>\n<meta name=\"twitter:label1\" content=\"Dur\u00e9e de lecture estim\u00e9e\" \/>\n\t<meta name=\"twitter:data1\" content=\"2 minutes\" \/>\n<script type=\"application\/ld+json\" class=\"yoast-schema-graph\">{\"@context\":\"https:\/\/schema.org\",\"@graph\":[{\"@type\":\"WebPage\",\"@id\":\"https:\/\/meltingchoc.fr\/index.php\/patisserie-artisanale-evian\/\",\"url\":\"https:\/\/meltingchoc.fr\/index.php\/patisserie-artisanale-evian\/\",\"name\":\"P\u00e2tisserie artisanale \u00e0 Evian \u2013 Philippe Mourre, ma\u00eetre p\u00e2tissier\",\"isPartOf\":{\"@id\":\"https:\/\/meltingchoc.fr\/#website\"},\"primaryImageOfPage\":{\"@id\":\"https:\/\/meltingchoc.fr\/index.php\/patisserie-artisanale-evian\/#primaryimage\"},\"image\":{\"@id\":\"https:\/\/meltingchoc.fr\/index.php\/patisserie-artisanale-evian\/#primaryimage\"},\"thumbnailUrl\":\"https:\/\/meltingchoc.fr\/wp-content\/uploads\/2019\/04\/Melting-Choc-49.jpg\",\"datePublished\":\"2018-11-01T17:39:52+00:00\",\"dateModified\":\"2025-11-15T13:41:50+00:00\",\"description\":\"P\u00e2tisserie artisanale \u00e0 Evian : savourez des douceurs \u00e9l\u00e9gantes, de saison et faites maison par Philippe Mourre.\",\"breadcrumb\":{\"@id\":\"https:\/\/meltingchoc.fr\/index.php\/patisserie-artisanale-evian\/#breadcrumb\"},\"inLanguage\":\"fr-FR\",\"potentialAction\":[{\"@type\":\"ReadAction\",\"target\":[\"https:\/\/meltingchoc.fr\/index.php\/patisserie-artisanale-evian\/\"]}]},{\"@type\":\"ImageObject\",\"inLanguage\":\"fr-FR\",\"@id\":\"https:\/\/meltingchoc.fr\/index.php\/patisserie-artisanale-evian\/#primaryimage\",\"url\":\"https:\/\/meltingchoc.fr\/wp-content\/uploads\/2019\/04\/Melting-Choc-49.jpg\",\"contentUrl\":\"https:\/\/meltingchoc.fr\/wp-content\/uploads\/2019\/04\/Melting-Choc-49.jpg\",\"width\":1664,\"height\":2600},{\"@type\":\"BreadcrumbList\",\"@id\":\"https:\/\/meltingchoc.fr\/index.php\/patisserie-artisanale-evian\/#breadcrumb\",\"itemListElement\":[{\"@type\":\"ListItem\",\"position\":1,\"name\":\"Accueil\",\"item\":\"https:\/\/meltingchoc.fr\/\"},{\"@type\":\"ListItem\",\"position\":2,\"name\":\"La P\u00e2tisserie\"}]},{\"@type\":\"WebSite\",\"@id\":\"https:\/\/meltingchoc.fr\/#website\",\"url\":\"https:\/\/meltingchoc.fr\/\",\"name\":\"Melting Choc Evian\",\"description\":\"Glacier Chocolatier P\u00e2tissier\",\"publisher\":{\"@id\":\"https:\/\/meltingchoc.fr\/#organization\"},\"potentialAction\":[{\"@type\":\"SearchAction\",\"target\":{\"@type\":\"EntryPoint\",\"urlTemplate\":\"https:\/\/meltingchoc.fr\/?s={search_term_string}\"},\"query-input\":{\"@type\":\"PropertyValueSpecification\",\"valueRequired\":true,\"valueName\":\"search_term_string\"}}],\"inLanguage\":\"fr-FR\"},{\"@type\":\"Organization\",\"@id\":\"https:\/\/meltingchoc.fr\/#organization\",\"name\":\"Melting Choc Evian\",\"url\":\"https:\/\/meltingchoc.fr\/\",\"logo\":{\"@type\":\"ImageObject\",\"inLanguage\":\"fr-FR\",\"@id\":\"https:\/\/meltingchoc.fr\/#\/schema\/logo\/image\/\",\"url\":\"\",\"contentUrl\":\"\",\"caption\":\"Melting Choc Evian\"},\"image\":{\"@id\":\"https:\/\/meltingchoc.fr\/#\/schema\/logo\/image\/\"},\"sameAs\":[\"https:\/\/www.facebook.com\/melting.choc.evian\",\"https:\/\/www.instagram.com\/explore\/locations\/1169274436548085\/melting-choc-evian\/\"]}]}<\/script>\n<!-- \/ Yoast SEO plugin. -->","yoast_head_json":{"title":"P\u00e2tisserie artisanale \u00e0 Evian \u2013 Philippe Mourre, ma\u00eetre p\u00e2tissier","description":"P\u00e2tisserie artisanale \u00e0 Evian : savourez des douceurs \u00e9l\u00e9gantes, de saison et faites maison par Philippe Mourre.","robots":{"index":"index","follow":"follow","max-snippet":"max-snippet:-1","max-image-preview":"max-image-preview:large","max-video-preview":"max-video-preview:-1"},"canonical":"https:\/\/meltingchoc.fr\/index.php\/patisserie-artisanale-evian\/","og_locale":"fr_FR","og_type":"article","og_title":"P\u00e2tisserie artisanale \u00e0 Evian \u2013 Philippe Mourre, ma\u00eetre p\u00e2tissier","og_description":"P\u00e2tisserie artisanale \u00e0 Evian : savourez des douceurs \u00e9l\u00e9gantes, de saison et faites maison par Philippe Mourre.","og_url":"https:\/\/meltingchoc.fr\/index.php\/patisserie-artisanale-evian\/","og_site_name":"Melting Choc Evian","article_publisher":"https:\/\/www.facebook.com\/melting.choc.evian","article_modified_time":"2025-11-15T13:41:50+00:00","og_image":[{"width":1664,"height":2600,"url":"https:\/\/meltingchoc.fr\/wp-content\/uploads\/2019\/04\/Melting-Choc-49.jpg","type":"image\/jpeg"}],"twitter_card":"summary_large_image","twitter_misc":{"Dur\u00e9e de lecture estim\u00e9e":"2 minutes"},"schema":{"@context":"https:\/\/schema.org","@graph":[{"@type":"WebPage","@id":"https:\/\/meltingchoc.fr\/index.php\/patisserie-artisanale-evian\/","url":"https:\/\/meltingchoc.fr\/index.php\/patisserie-artisanale-evian\/","name":"P\u00e2tisserie artisanale \u00e0 Evian \u2013 Philippe Mourre, ma\u00eetre p\u00e2tissier","isPartOf":{"@id":"https:\/\/meltingchoc.fr\/#website"},"primaryImageOfPage":{"@id":"https:\/\/meltingchoc.fr\/index.php\/patisserie-artisanale-evian\/#primaryimage"},"image":{"@id":"https:\/\/meltingchoc.fr\/index.php\/patisserie-artisanale-evian\/#primaryimage"},"thumbnailUrl":"https:\/\/meltingchoc.fr\/wp-content\/uploads\/2019\/04\/Melting-Choc-49.jpg","datePublished":"2018-11-01T17:39:52+00:00","dateModified":"2025-11-15T13:41:50+00:00","description":"P\u00e2tisserie artisanale \u00e0 Evian : savourez des douceurs \u00e9l\u00e9gantes, de saison et faites maison par Philippe Mourre.","breadcrumb":{"@id":"https:\/\/meltingchoc.fr\/index.php\/patisserie-artisanale-evian\/#breadcrumb"},"inLanguage":"fr-FR","potentialAction":[{"@type":"ReadAction","target":["https:\/\/meltingchoc.fr\/index.php\/patisserie-artisanale-evian\/"]}]},{"@type":"ImageObject","inLanguage":"fr-FR","@id":"https:\/\/meltingchoc.fr\/index.php\/patisserie-artisanale-evian\/#primaryimage","url":"https:\/\/meltingchoc.fr\/wp-content\/uploads\/2019\/04\/Melting-Choc-49.jpg","contentUrl":"https:\/\/meltingchoc.fr\/wp-content\/uploads\/2019\/04\/Melting-Choc-49.jpg","width":1664,"height":2600},{"@type":"BreadcrumbList","@id":"https:\/\/meltingchoc.fr\/index.php\/patisserie-artisanale-evian\/#breadcrumb","itemListElement":[{"@type":"ListItem","position":1,"name":"Accueil","item":"https:\/\/meltingchoc.fr\/"},{"@type":"ListItem","position":2,"name":"La P\u00e2tisserie"}]},{"@type":"WebSite","@id":"https:\/\/meltingchoc.fr\/#website","url":"https:\/\/meltingchoc.fr\/","name":"Melting Choc Evian","description":"Glacier Chocolatier P\u00e2tissier","publisher":{"@id":"https:\/\/meltingchoc.fr\/#organization"},"potentialAction":[{"@type":"SearchAction","target":{"@type":"EntryPoint","urlTemplate":"https:\/\/meltingchoc.fr\/?s={search_term_string}"},"query-input":{"@type":"PropertyValueSpecification","valueRequired":true,"valueName":"search_term_string"}}],"inLanguage":"fr-FR"},{"@type":"Organization","@id":"https:\/\/meltingchoc.fr\/#organization","name":"Melting Choc Evian","url":"https:\/\/meltingchoc.fr\/","logo":{"@type":"ImageObject","inLanguage":"fr-FR","@id":"https:\/\/meltingchoc.fr\/#\/schema\/logo\/image\/","url":"","contentUrl":"","caption":"Melting Choc Evian"},"image":{"@id":"https:\/\/meltingchoc.fr\/#\/schema\/logo\/image\/"},"sameAs":["https:\/\/www.facebook.com\/melting.choc.evian","https:\/\/www.instagram.com\/explore\/locations\/1169274436548085\/melting-choc-evian\/"]}]}},"_links":{"self":[{"href":"https:\/\/meltingchoc.fr\/index.php\/wp-json\/wp\/v2\/pages\/108","targetHints":{"allow":["GET"]}}],"collection":[{"href":"https:\/\/meltingchoc.fr\/index.php\/wp-json\/wp\/v2\/pages"}],"about":[{"href":"https:\/\/meltingchoc.fr\/index.php\/wp-json\/wp\/v2\/types\/page"}],"author":[{"embeddable":true,"href":"https:\/\/meltingchoc.fr\/index.php\/wp-json\/wp\/v2\/users\/1"}],"replies":[{"embeddable":true,"href":"https:\/\/meltingchoc.fr\/index.php\/wp-json\/wp\/v2\/comments?post=108"}],"version-history":[{"count":20,"href":"https:\/\/meltingchoc.fr\/index.php\/wp-json\/wp\/v2\/pages\/108\/revisions"}],"predecessor-version":[{"id":843,"href":"https:\/\/meltingchoc.fr\/index.php\/wp-json\/wp\/v2\/pages\/108\/revisions\/843"}],"wp:featuredmedia":[{"embeddable":true,"href":"https:\/\/meltingchoc.fr\/index.php\/wp-json\/wp\/v2\/media\/300"}],"wp:attachment":[{"href":"https:\/\/meltingchoc.fr\/index.php\/wp-json\/wp\/v2\/media?parent=108"}],"curies":[{"name":"wp","href":"https:\/\/api.w.org\/{rel}","templated":true}]}}