{"id":384,"date":"2020-03-26T08:59:02","date_gmt":"2020-03-26T07:59:02","guid":{"rendered":"http:\/\/meltingchoc.fr\/?page_id=384"},"modified":"2026-03-28T11:18:08","modified_gmt":"2026-03-28T10:18:08","slug":"paques-en-foret","status":"publish","type":"page","link":"https:\/\/meltingchoc.fr\/","title":{"rendered":"Chocolats de P\u00e2ques 2026 : des animaux de la for\u00eat en chocolat"},"content":{"rendered":"\n<p>D\u00e9couvrez la nouvelle collection de <strong>chocolats de P\u00e2ques artisanaux<\/strong> sign\u00e9e <strong>Melting Choc<\/strong>, votre artisan chocolatier \u00e0 Evian. Pour cette \u00e9dition 2026, nous vous invitons \u00e0 entrer dans une <strong>for\u00eat gourmande<\/strong>, o\u00f9 chaque cr\u00e9ation prend forme \u00e0 la main dans notre atelier.<\/p>\n\n\n\n<figure class=\"wp-block-gallery has-nested-images columns-default is-cropped wp-block-gallery-1 is-layout-flex wp-block-gallery-is-layout-flex\">\n<figure class=\"wp-block-image size-large\"><img loading=\"lazy\" decoding=\"async\" width=\"768\" height=\"1024\" data-id=\"870\" src=\"https:\/\/meltingchoc.fr\/wp-content\/uploads\/2026\/03\/IMG_0252-1-768x1024.jpg\" alt=\"\" class=\"wp-image-870\" srcset=\"https:\/\/meltingchoc.fr\/wp-content\/uploads\/2026\/03\/IMG_0252-1-768x1024.jpg 768w, https:\/\/meltingchoc.fr\/wp-content\/uploads\/2026\/03\/IMG_0252-1-225x300.jpg 225w, https:\/\/meltingchoc.fr\/wp-content\/uploads\/2026\/03\/IMG_0252-1-1152x1536.jpg 1152w, https:\/\/meltingchoc.fr\/wp-content\/uploads\/2026\/03\/IMG_0252-1.jpg 1200w\" sizes=\"auto, (max-width: 767px) 89vw, (max-width: 1000px) 54vw, (max-width: 1071px) 543px, 580px\" \/><\/figure>\n\n\n\n<figure class=\"wp-block-image size-large\"><img loading=\"lazy\" decoding=\"async\" width=\"768\" height=\"1024\" data-id=\"873\" src=\"https:\/\/meltingchoc.fr\/wp-content\/uploads\/2026\/03\/IMG_0254-1-768x1024.jpg\" alt=\"\" class=\"wp-image-873\" srcset=\"https:\/\/meltingchoc.fr\/wp-content\/uploads\/2026\/03\/IMG_0254-1-768x1024.jpg 768w, https:\/\/meltingchoc.fr\/wp-content\/uploads\/2026\/03\/IMG_0254-1-225x300.jpg 225w, https:\/\/meltingchoc.fr\/wp-content\/uploads\/2026\/03\/IMG_0254-1-1152x1536.jpg 1152w, https:\/\/meltingchoc.fr\/wp-content\/uploads\/2026\/03\/IMG_0254-1.jpg 1200w\" sizes=\"auto, (max-width: 767px) 89vw, (max-width: 1000px) 54vw, (max-width: 1071px) 543px, 580px\" \/><\/figure>\n\n\n\n<figure class=\"wp-block-image size-large\"><img loading=\"lazy\" decoding=\"async\" width=\"768\" height=\"1024\" data-id=\"871\" src=\"https:\/\/meltingchoc.fr\/wp-content\/uploads\/2026\/03\/IMG_0248-1-768x1024.jpg\" alt=\"\" class=\"wp-image-871\" srcset=\"https:\/\/meltingchoc.fr\/wp-content\/uploads\/2026\/03\/IMG_0248-1-768x1024.jpg 768w, https:\/\/meltingchoc.fr\/wp-content\/uploads\/2026\/03\/IMG_0248-1-225x300.jpg 225w, https:\/\/meltingchoc.fr\/wp-content\/uploads\/2026\/03\/IMG_0248-1-1152x1536.jpg 1152w, https:\/\/meltingchoc.fr\/wp-content\/uploads\/2026\/03\/IMG_0248-1.jpg 1200w\" sizes=\"auto, (max-width: 767px) 89vw, (max-width: 1000px) 54vw, (max-width: 1071px) 543px, 580px\" \/><\/figure>\n\n\n\n<figure class=\"wp-block-image size-large\"><img loading=\"lazy\" decoding=\"async\" width=\"768\" height=\"1024\" data-id=\"872\" src=\"https:\/\/meltingchoc.fr\/wp-content\/uploads\/2026\/03\/IMG_0247-1-768x1024.jpg\" alt=\"\" class=\"wp-image-872\" srcset=\"https:\/\/meltingchoc.fr\/wp-content\/uploads\/2026\/03\/IMG_0247-1-768x1024.jpg 768w, https:\/\/meltingchoc.fr\/wp-content\/uploads\/2026\/03\/IMG_0247-1-225x300.jpg 225w, https:\/\/meltingchoc.fr\/wp-content\/uploads\/2026\/03\/IMG_0247-1-1152x1536.jpg 1152w, https:\/\/meltingchoc.fr\/wp-content\/uploads\/2026\/03\/IMG_0247-1.jpg 1200w\" sizes=\"auto, (max-width: 767px) 89vw, (max-width: 1000px) 54vw, (max-width: 1071px) 543px, 580px\" \/><\/figure>\n<\/figure>\n\n\n\n<h2 class=\"wp-block-heading\">Nos chocolats de P\u00e2ques : tradition et savoir-faire artisanal<\/h2>\n\n\n\n<p>Cette ann\u00e9e encore, nous <strong>pr\u00e9parons<\/strong> nos grands classiques de P\u00e2ques : \u0153ufs, poules, lapins, fritures, petits \u0153ufs pralin\u00e9s et ganaches. Nous <strong>travaillons<\/strong> chaque chocolat avec pr\u00e9cision pour offrir un go\u00fbt authentique et une texture irr\u00e9sistible.<\/p>\n\n\n\n<figure class=\"wp-block-gallery has-nested-images columns-default is-cropped wp-block-gallery-2 is-layout-flex wp-block-gallery-is-layout-flex\">\n<figure class=\"wp-block-image size-large\"><img loading=\"lazy\" decoding=\"async\" width=\"768\" height=\"1024\" data-id=\"869\" src=\"https:\/\/meltingchoc.fr\/wp-content\/uploads\/2026\/03\/IMG_0259-768x1024.jpg\" alt=\"\" class=\"wp-image-869\" srcset=\"https:\/\/meltingchoc.fr\/wp-content\/uploads\/2026\/03\/IMG_0259-768x1024.jpg 768w, https:\/\/meltingchoc.fr\/wp-content\/uploads\/2026\/03\/IMG_0259-225x300.jpg 225w, https:\/\/meltingchoc.fr\/wp-content\/uploads\/2026\/03\/IMG_0259-1152x1536.jpg 1152w, https:\/\/meltingchoc.fr\/wp-content\/uploads\/2026\/03\/IMG_0259.jpg 1200w\" sizes=\"auto, (max-width: 767px) 89vw, (max-width: 1000px) 54vw, (max-width: 1071px) 543px, 580px\" \/><\/figure>\n\n\n\n<figure class=\"wp-block-image size-large\"><img loading=\"lazy\" decoding=\"async\" width=\"768\" height=\"1024\" data-id=\"866\" src=\"https:\/\/meltingchoc.fr\/wp-content\/uploads\/2026\/03\/IMG_0261-768x1024.jpg\" alt=\"\" class=\"wp-image-866\" srcset=\"https:\/\/meltingchoc.fr\/wp-content\/uploads\/2026\/03\/IMG_0261-768x1024.jpg 768w, https:\/\/meltingchoc.fr\/wp-content\/uploads\/2026\/03\/IMG_0261-225x300.jpg 225w, https:\/\/meltingchoc.fr\/wp-content\/uploads\/2026\/03\/IMG_0261-1152x1536.jpg 1152w, https:\/\/meltingchoc.fr\/wp-content\/uploads\/2026\/03\/IMG_0261.jpg 1200w\" sizes=\"auto, (max-width: 767px) 89vw, (max-width: 1000px) 54vw, (max-width: 1071px) 543px, 580px\" \/><\/figure>\n\n\n\n<figure class=\"wp-block-image size-large\"><img loading=\"lazy\" decoding=\"async\" width=\"768\" height=\"1024\" data-id=\"867\" src=\"https:\/\/meltingchoc.fr\/wp-content\/uploads\/2026\/03\/IMG_0263-768x1024.jpg\" alt=\"\" class=\"wp-image-867\" srcset=\"https:\/\/meltingchoc.fr\/wp-content\/uploads\/2026\/03\/IMG_0263-768x1024.jpg 768w, https:\/\/meltingchoc.fr\/wp-content\/uploads\/2026\/03\/IMG_0263-225x300.jpg 225w, https:\/\/meltingchoc.fr\/wp-content\/uploads\/2026\/03\/IMG_0263-1152x1536.jpg 1152w, https:\/\/meltingchoc.fr\/wp-content\/uploads\/2026\/03\/IMG_0263.jpg 1200w\" sizes=\"auto, (max-width: 767px) 89vw, (max-width: 1000px) 54vw, (max-width: 1071px) 543px, 580px\" \/><\/figure>\n\n\n\n<figure class=\"wp-block-image size-large\"><img loading=\"lazy\" decoding=\"async\" width=\"768\" height=\"1024\" data-id=\"868\" src=\"https:\/\/meltingchoc.fr\/wp-content\/uploads\/2026\/03\/IMG_0264-768x1024.jpg\" alt=\"\" class=\"wp-image-868\" srcset=\"https:\/\/meltingchoc.fr\/wp-content\/uploads\/2026\/03\/IMG_0264-768x1024.jpg 768w, https:\/\/meltingchoc.fr\/wp-content\/uploads\/2026\/03\/IMG_0264-225x300.jpg 225w, https:\/\/meltingchoc.fr\/wp-content\/uploads\/2026\/03\/IMG_0264-1152x1536.jpg 1152w, https:\/\/meltingchoc.fr\/wp-content\/uploads\/2026\/03\/IMG_0264.jpg 1200w\" sizes=\"auto, (max-width: 767px) 89vw, (max-width: 1000px) 54vw, (max-width: 1071px) 543px, 580px\" \/><\/figure>\n<\/figure>\n\n\n\n<h2 class=\"wp-block-heading\">Nouveaut\u00e9s 2026 : les animaux de la for\u00eat en chocolat<\/h2>\n\n\n\n<p>Pour enrichir la collection, nous <strong>cr\u00e9ons<\/strong> quatre montages inspir\u00e9s de la nature. Ces sujets exclusifs, enti\u00e8rement fa\u00e7onn\u00e9s dans notre atelier, donnent vie \u00e0 une v\u00e9ritable petite faune chocolat\u00e9e :<\/p>\n\n\n\n<ul class=\"wp-block-list\">\n<li><strong>Ours en chocolat<\/strong><\/li>\n\n\n\n<li><strong>Chouette en chocolat<\/strong><\/li>\n\n\n\n<li><strong>Loup en chocolat<\/strong><\/li>\n\n\n\n<li><strong>Castor en chocolat<\/strong><\/li>\n<\/ul>\n\n\n\n<p>Nous <strong>garnissons<\/strong> chaque pi\u00e8ce de friture maison, de petits \u0153ufs pralin\u00e9 et\/ou ganache pour offrir une exp\u00e9rience chocolat\u00e9e g\u00e9n\u00e9reuse, ludique et totalement addictive.<\/p>\n\n\n\n<h2 class=\"wp-block-heading\">Le cadeau id\u00e9al pour un P\u00e2ques gourmand<\/h2>\n\n\n\n<p>Nos sujets en chocolat de P\u00e2ques <strong>accompagnent<\/strong> parfaitement vos cadeaux, vos tables de f\u00eate ou vos moments de plaisir. Nous <strong>produisons<\/strong> chaque cr\u00e9ation en quantit\u00e9s limit\u00e9es et <strong>soignons<\/strong> chaque d\u00e9tail pour garantir un P\u00e2ques gourmand, original et r\u00e9solument artisanal.<\/p>\n\n\n\n<p><\/p>\n\n\n\n<p><\/p>\n\n\n\n<p><\/p>\n","protected":false},"excerpt":{"rendered":"<p>D\u00e9couvrez la nouvelle collection de chocolats de P\u00e2ques artisanaux sign\u00e9e Melting Choc, votre artisan chocolatier \u00e0 Evian. Pour cette \u00e9dition 2026, nous vous invitons \u00e0 entrer dans une for\u00eat gourmande, o\u00f9 chaque cr\u00e9ation prend forme \u00e0 la main dans notre atelier. Nos chocolats de P\u00e2ques : tradition et savoir-faire artisanal Cette ann\u00e9e encore, nous pr\u00e9parons &hellip; <\/p>\n<p class=\"link-more\"><a href=\"https:\/\/meltingchoc.fr\/\" class=\"more-link\">Continuer la lecture<span class=\"screen-reader-text\"> de &laquo;&nbsp;Chocolats de P\u00e2ques 2026 : des animaux de la for\u00eat en chocolat&nbsp;&raquo;<\/span><\/a><\/p>\n","protected":false},"author":1,"featured_media":462,"parent":0,"menu_order":0,"comment_status":"closed","ping_status":"closed","template":"","meta":{"footnotes":""},"class_list":["post-384","page","type-page","status-publish","has-post-thumbnail","hentry"],"yoast_head":"<!-- This site is optimized with the Yoast SEO plugin v26.3 - https:\/\/yoast.com\/wordpress\/plugins\/seo\/ -->\n<title>Chocolats de P\u00e2ques 2026 : des animaux de la for\u00eat en chocolat - Melting Choc Evian<\/title>\n<meta name=\"description\" content=\"D\u00e9couvrez nos chocolats de P\u00e2ques artisanaux 2026: animaux de la for\u00eat, sujets garnis, cr\u00e9ations made in \u00c9vian.\" \/>\n<meta name=\"robots\" content=\"index, follow, max-snippet:-1, max-image-preview:large, max-video-preview:-1\" \/>\n<link rel=\"canonical\" href=\"https:\/\/meltingchoc.fr\/\" \/>\n<meta property=\"og:locale\" content=\"fr_FR\" \/>\n<meta property=\"og:type\" content=\"article\" \/>\n<meta property=\"og:title\" content=\"Chocolats de P\u00e2ques 2026 : des animaux de la for\u00eat en chocolat - Melting Choc Evian\" \/>\n<meta property=\"og:description\" content=\"D\u00e9couvrez nos chocolats de P\u00e2ques artisanaux 2026: animaux de la for\u00eat, sujets garnis, cr\u00e9ations made in \u00c9vian.\" \/>\n<meta property=\"og:url\" content=\"https:\/\/meltingchoc.fr\/\" \/>\n<meta property=\"og:site_name\" content=\"Melting Choc Evian\" \/>\n<meta property=\"article:publisher\" content=\"https:\/\/www.facebook.com\/melting.choc.evian\" \/>\n<meta property=\"article:modified_time\" content=\"2026-03-28T10:18:08+00:00\" \/>\n<meta property=\"og:image\" content=\"https:\/\/meltingchoc.fr\/wp-content\/uploads\/2021\/03\/Renard.jpg\" \/>\n\t<meta property=\"og:image:width\" content=\"1200\" \/>\n\t<meta property=\"og:image:height\" content=\"1200\" \/>\n\t<meta property=\"og:image:type\" content=\"image\/jpeg\" \/>\n<meta name=\"twitter:card\" content=\"summary_large_image\" \/>\n<meta name=\"twitter:label1\" content=\"Dur\u00e9e de lecture estim\u00e9e\" \/>\n\t<meta name=\"twitter:data1\" content=\"3 minutes\" \/>\n<script type=\"application\/ld+json\" class=\"yoast-schema-graph\">{\"@context\":\"https:\/\/schema.org\",\"@graph\":[{\"@type\":\"WebPage\",\"@id\":\"https:\/\/meltingchoc.fr\/\",\"url\":\"https:\/\/meltingchoc.fr\/\",\"name\":\"Chocolats de P\u00e2ques 2026 : des animaux de la for\u00eat en chocolat - Melting Choc Evian\",\"isPartOf\":{\"@id\":\"https:\/\/meltingchoc.fr\/#website\"},\"primaryImageOfPage\":{\"@id\":\"https:\/\/meltingchoc.fr\/#primaryimage\"},\"image\":{\"@id\":\"https:\/\/meltingchoc.fr\/#primaryimage\"},\"thumbnailUrl\":\"https:\/\/meltingchoc.fr\/wp-content\/uploads\/2021\/03\/Renard.jpg\",\"datePublished\":\"2020-03-26T07:59:02+00:00\",\"dateModified\":\"2026-03-28T10:18:08+00:00\",\"description\":\"D\u00e9couvrez nos chocolats de P\u00e2ques artisanaux 2026: animaux de la for\u00eat, sujets garnis, cr\u00e9ations made in \u00c9vian.\",\"breadcrumb\":{\"@id\":\"https:\/\/meltingchoc.fr\/#breadcrumb\"},\"inLanguage\":\"fr-FR\",\"potentialAction\":[{\"@type\":\"ReadAction\",\"target\":[\"https:\/\/meltingchoc.fr\/\"]}]},{\"@type\":\"ImageObject\",\"inLanguage\":\"fr-FR\",\"@id\":\"https:\/\/meltingchoc.fr\/#primaryimage\",\"url\":\"https:\/\/meltingchoc.fr\/wp-content\/uploads\/2021\/03\/Renard.jpg\",\"contentUrl\":\"https:\/\/meltingchoc.fr\/wp-content\/uploads\/2021\/03\/Renard.jpg\",\"width\":1200,\"height\":1200},{\"@type\":\"BreadcrumbList\",\"@id\":\"https:\/\/meltingchoc.fr\/#breadcrumb\",\"itemListElement\":[{\"@type\":\"ListItem\",\"position\":1,\"name\":\"Accueil\",\"item\":\"https:\/\/meltingchoc.fr\/\"},{\"@type\":\"ListItem\",\"position\":2,\"name\":\"Chocolats de P\u00e2ques 2026 : des animaux de la for\u00eat en chocolat\"}]},{\"@type\":\"WebSite\",\"@id\":\"https:\/\/meltingchoc.fr\/#website\",\"url\":\"https:\/\/meltingchoc.fr\/\",\"name\":\"Melting Choc Evian\",\"description\":\"Glacier Chocolatier P\u00e2tissier\",\"publisher\":{\"@id\":\"https:\/\/meltingchoc.fr\/#organization\"},\"potentialAction\":[{\"@type\":\"SearchAction\",\"target\":{\"@type\":\"EntryPoint\",\"urlTemplate\":\"https:\/\/meltingchoc.fr\/?s={search_term_string}\"},\"query-input\":{\"@type\":\"PropertyValueSpecification\",\"valueRequired\":true,\"valueName\":\"search_term_string\"}}],\"inLanguage\":\"fr-FR\"},{\"@type\":\"Organization\",\"@id\":\"https:\/\/meltingchoc.fr\/#organization\",\"name\":\"Melting Choc Evian\",\"url\":\"https:\/\/meltingchoc.fr\/\",\"logo\":{\"@type\":\"ImageObject\",\"inLanguage\":\"fr-FR\",\"@id\":\"https:\/\/meltingchoc.fr\/#\/schema\/logo\/image\/\",\"url\":\"\",\"contentUrl\":\"\",\"caption\":\"Melting Choc Evian\"},\"image\":{\"@id\":\"https:\/\/meltingchoc.fr\/#\/schema\/logo\/image\/\"},\"sameAs\":[\"https:\/\/www.facebook.com\/melting.choc.evian\",\"https:\/\/www.instagram.com\/explore\/locations\/1169274436548085\/melting-choc-evian\/\"]}]}<\/script>\n<!-- \/ Yoast SEO plugin. -->","yoast_head_json":{"title":"Chocolats de P\u00e2ques 2026 : des animaux de la for\u00eat en chocolat - Melting Choc Evian","description":"D\u00e9couvrez nos chocolats de P\u00e2ques artisanaux 2026: animaux de la for\u00eat, sujets garnis, cr\u00e9ations made in \u00c9vian.","robots":{"index":"index","follow":"follow","max-snippet":"max-snippet:-1","max-image-preview":"max-image-preview:large","max-video-preview":"max-video-preview:-1"},"canonical":"https:\/\/meltingchoc.fr\/","og_locale":"fr_FR","og_type":"article","og_title":"Chocolats de P\u00e2ques 2026 : des animaux de la for\u00eat en chocolat - Melting Choc Evian","og_description":"D\u00e9couvrez nos chocolats de P\u00e2ques artisanaux 2026: animaux de la for\u00eat, sujets garnis, cr\u00e9ations made in \u00c9vian.","og_url":"https:\/\/meltingchoc.fr\/","og_site_name":"Melting Choc Evian","article_publisher":"https:\/\/www.facebook.com\/melting.choc.evian","article_modified_time":"2026-03-28T10:18:08+00:00","og_image":[{"width":1200,"height":1200,"url":"https:\/\/meltingchoc.fr\/wp-content\/uploads\/2021\/03\/Renard.jpg","type":"image\/jpeg"}],"twitter_card":"summary_large_image","twitter_misc":{"Dur\u00e9e de lecture estim\u00e9e":"3 minutes"},"schema":{"@context":"https:\/\/schema.org","@graph":[{"@type":"WebPage","@id":"https:\/\/meltingchoc.fr\/","url":"https:\/\/meltingchoc.fr\/","name":"Chocolats de P\u00e2ques 2026 : des animaux de la for\u00eat en chocolat - Melting Choc Evian","isPartOf":{"@id":"https:\/\/meltingchoc.fr\/#website"},"primaryImageOfPage":{"@id":"https:\/\/meltingchoc.fr\/#primaryimage"},"image":{"@id":"https:\/\/meltingchoc.fr\/#primaryimage"},"thumbnailUrl":"https:\/\/meltingchoc.fr\/wp-content\/uploads\/2021\/03\/Renard.jpg","datePublished":"2020-03-26T07:59:02+00:00","dateModified":"2026-03-28T10:18:08+00:00","description":"D\u00e9couvrez nos chocolats de P\u00e2ques artisanaux 2026: animaux de la for\u00eat, sujets garnis, cr\u00e9ations made in \u00c9vian.","breadcrumb":{"@id":"https:\/\/meltingchoc.fr\/#breadcrumb"},"inLanguage":"fr-FR","potentialAction":[{"@type":"ReadAction","target":["https:\/\/meltingchoc.fr\/"]}]},{"@type":"ImageObject","inLanguage":"fr-FR","@id":"https:\/\/meltingchoc.fr\/#primaryimage","url":"https:\/\/meltingchoc.fr\/wp-content\/uploads\/2021\/03\/Renard.jpg","contentUrl":"https:\/\/meltingchoc.fr\/wp-content\/uploads\/2021\/03\/Renard.jpg","width":1200,"height":1200},{"@type":"BreadcrumbList","@id":"https:\/\/meltingchoc.fr\/#breadcrumb","itemListElement":[{"@type":"ListItem","position":1,"name":"Accueil","item":"https:\/\/meltingchoc.fr\/"},{"@type":"ListItem","position":2,"name":"Chocolats de P\u00e2ques 2026 : des animaux de la for\u00eat en chocolat"}]},{"@type":"WebSite","@id":"https:\/\/meltingchoc.fr\/#website","url":"https:\/\/meltingchoc.fr\/","name":"Melting Choc Evian","description":"Glacier Chocolatier P\u00e2tissier","publisher":{"@id":"https:\/\/meltingchoc.fr\/#organization"},"potentialAction":[{"@type":"SearchAction","target":{"@type":"EntryPoint","urlTemplate":"https:\/\/meltingchoc.fr\/?s={search_term_string}"},"query-input":{"@type":"PropertyValueSpecification","valueRequired":true,"valueName":"search_term_string"}}],"inLanguage":"fr-FR"},{"@type":"Organization","@id":"https:\/\/meltingchoc.fr\/#organization","name":"Melting Choc Evian","url":"https:\/\/meltingchoc.fr\/","logo":{"@type":"ImageObject","inLanguage":"fr-FR","@id":"https:\/\/meltingchoc.fr\/#\/schema\/logo\/image\/","url":"","contentUrl":"","caption":"Melting Choc Evian"},"image":{"@id":"https:\/\/meltingchoc.fr\/#\/schema\/logo\/image\/"},"sameAs":["https:\/\/www.facebook.com\/melting.choc.evian","https:\/\/www.instagram.com\/explore\/locations\/1169274436548085\/melting-choc-evian\/"]}]}},"_links":{"self":[{"href":"https:\/\/meltingchoc.fr\/index.php\/wp-json\/wp\/v2\/pages\/384","targetHints":{"allow":["GET"]}}],"collection":[{"href":"https:\/\/meltingchoc.fr\/index.php\/wp-json\/wp\/v2\/pages"}],"about":[{"href":"https:\/\/meltingchoc.fr\/index.php\/wp-json\/wp\/v2\/types\/page"}],"author":[{"embeddable":true,"href":"https:\/\/meltingchoc.fr\/index.php\/wp-json\/wp\/v2\/users\/1"}],"replies":[{"embeddable":true,"href":"https:\/\/meltingchoc.fr\/index.php\/wp-json\/wp\/v2\/comments?post=384"}],"version-history":[{"count":41,"href":"https:\/\/meltingchoc.fr\/index.php\/wp-json\/wp\/v2\/pages\/384\/revisions"}],"predecessor-version":[{"id":875,"href":"https:\/\/meltingchoc.fr\/index.php\/wp-json\/wp\/v2\/pages\/384\/revisions\/875"}],"wp:featuredmedia":[{"embeddable":true,"href":"https:\/\/meltingchoc.fr\/index.php\/wp-json\/wp\/v2\/media\/462"}],"wp:attachment":[{"href":"https:\/\/meltingchoc.fr\/index.php\/wp-json\/wp\/v2\/media?parent=384"}],"curies":[{"name":"wp","href":"https:\/\/api.w.org\/{rel}","templated":true}]}}