{"id":563,"date":"2024-02-25T12:06:15","date_gmt":"2024-02-25T11:06:15","guid":{"rendered":"https:\/\/meltingchoc.fr\/?page_id=563"},"modified":"2025-11-15T17:29:07","modified_gmt":"2025-11-15T16:29:07","slug":"artisan-glacier-evian","status":"publish","type":"page","link":"https:\/\/meltingchoc.fr\/index.php\/artisan-glacier-evian\/","title":{"rendered":"La Glace"},"content":{"rendered":"\n<h2 class=\"wp-block-heading\">Artisan Glacier Evian, Melting Choc vous invite \u00e0 une exp\u00e9rience givr\u00e9e inoubliable!\u00a0<\/h2>\n\n\n\n<p>Des\u00a0<em><strong>glaces artisanales d\u2019un autre monde<\/strong><\/em>\u00a0aux sorbets d\u2019exception, notre savoir-faire m\u00eale audace et authenticit\u00e9. Chaque parfum est un v\u00e9ritable voyage : laissez-vous surprendre par les cr\u00e9ations originales de notre Artisan Glacier Evian \u2014\u00a0<em>Myrtille &amp; Poivre de Timut<\/em>, <em>Poire &amp; Poivre de Java<\/em>, ou encore\u00a0<em>Ananas &amp; Clou de girofle<\/em>. Et pour les amateurs de grands classiques, fondez pour notre cr\u00e8me glac\u00e9e \u00e0 la\u00a0<em>Vanille de Madagascar<\/em>\u00a0ou notre glace au chocolat intense.<\/p>\n\n\n\n<p>Notre carte s\u2019\u00e9panouit autour de\u00a0<strong>32 parfums glac\u00e9s<\/strong>, r\u00e9guli\u00e8rement enrichis par des <strong>cr\u00e9ations \u00e9ph\u00e9m\u00e8res<\/strong>\u00a0qui suivent l\u2019inspiration du moment. Chaque glace et sorbet est <strong>fabriqu\u00e9 sur place<\/strong> avec passion, \u00e0 partir de mati\u00e8res premi\u00e8res rigoureusement s\u00e9lectionn\u00e9es : lait et cr\u00e8me d\u2019origine fran\u00e7aise, des fruits en pur\u00e9es sans sucre ajout\u00e9 ni additif, fruits certifi\u00e9s HVE (<strong><a href=\"https:\/\/www.adamance.fr\/?gad_source=1&amp;gad_campaignid=22436797384&amp;gbraid=0AAAAABc3XdmzBZ3LqiXDrZyMRL-vvLHcK&amp;gclid=EAIaIQobChMInJ3Ssf7zkAMVt8h5BB2ySxmEEAAYAiAAEgLb_vD_BwE\">Haute Valeur Environnementale<\/a><\/strong>) et trac\u00e9s jusqu\u2019au producteur. Une glace artisanale respectueuse du go\u00fbt, de la nature\u2026 et du plaisir.<\/p>\n\n\n\n<p>Retrouvez nos douceurs givr\u00e9es en esquimaux, entremets glac\u00e9s ou pots \u00e0 emporter.<\/p>\n\n\n\n<p><strong>Venez d\u00e9guster nos cr\u00e9ations glac\u00e9es \u00e0 <a href=\"https:\/\/www.evian-tourisme.com\/commerce\/melting-choc-patissier-chocolatier-confiseur-glacier-5124169\/\">\u00c9vian-les-Bains<\/a> \u2014 une explosion de fra\u00eecheur vous attend !<\/strong><\/p>\n\n\n\n<p><\/p>\n\n\n\n<div class=\"wp-block-group\"><div class=\"wp-block-group__inner-container is-layout-flow wp-block-group-is-layout-flow\">\n<figure class=\"wp-block-gallery has-nested-images columns-default is-cropped wp-block-gallery-1 is-layout-flex wp-block-gallery-is-layout-flex\">\n<figure class=\"wp-block-image size-large\"><img loading=\"lazy\" decoding=\"async\" width=\"1024\" height=\"768\" data-id=\"568\" src=\"https:\/\/meltingchoc.fr\/wp-content\/uploads\/2024\/02\/IMG_4845-1024x768.jpeg\" alt=\"\" class=\"wp-image-568\" srcset=\"https:\/\/meltingchoc.fr\/wp-content\/uploads\/2024\/02\/IMG_4845-1024x768.jpeg 1024w, https:\/\/meltingchoc.fr\/wp-content\/uploads\/2024\/02\/IMG_4845-300x225.jpeg 300w, https:\/\/meltingchoc.fr\/wp-content\/uploads\/2024\/02\/IMG_4845-768x576.jpeg 768w, https:\/\/meltingchoc.fr\/wp-content\/uploads\/2024\/02\/IMG_4845-1536x1152.jpeg 1536w, https:\/\/meltingchoc.fr\/wp-content\/uploads\/2024\/02\/IMG_4845-2048x1536.jpeg 2048w\" sizes=\"auto, (max-width: 767px) 89vw, (max-width: 1000px) 54vw, (max-width: 1071px) 543px, 580px\" \/><figcaption class=\"wp-element-caption\">Vitrine<\/figcaption><\/figure>\n\n\n\n<figure class=\"wp-block-image size-large\"><img loading=\"lazy\" decoding=\"async\" width=\"768\" height=\"1024\" data-id=\"569\" src=\"https:\/\/meltingchoc.fr\/wp-content\/uploads\/2024\/02\/IMG_4717-768x1024.jpeg\" alt=\"\" class=\"wp-image-569\" srcset=\"https:\/\/meltingchoc.fr\/wp-content\/uploads\/2024\/02\/IMG_4717-768x1024.jpeg 768w, https:\/\/meltingchoc.fr\/wp-content\/uploads\/2024\/02\/IMG_4717-225x300.jpeg 225w, https:\/\/meltingchoc.fr\/wp-content\/uploads\/2024\/02\/IMG_4717-1152x1536.jpeg 1152w, https:\/\/meltingchoc.fr\/wp-content\/uploads\/2024\/02\/IMG_4717-1536x2048.jpeg 1536w, https:\/\/meltingchoc.fr\/wp-content\/uploads\/2024\/02\/IMG_4717-scaled.jpeg 1920w\" sizes=\"auto, (max-width: 767px) 89vw, (max-width: 1000px) 54vw, (max-width: 1071px) 543px, 580px\" \/><figcaption class=\"wp-element-caption\">Esquimaux<\/figcaption><\/figure>\n\n\n\n<figure class=\"wp-block-image size-large\"><img loading=\"lazy\" decoding=\"async\" width=\"768\" height=\"1024\" data-id=\"766\" src=\"https:\/\/meltingchoc.fr\/wp-content\/uploads\/2025\/06\/IMG_7330-768x1024.jpg\" alt=\"\" class=\"wp-image-766\" srcset=\"https:\/\/meltingchoc.fr\/wp-content\/uploads\/2025\/06\/IMG_7330-768x1024.jpg 768w, https:\/\/meltingchoc.fr\/wp-content\/uploads\/2025\/06\/IMG_7330-225x300.jpg 225w, https:\/\/meltingchoc.fr\/wp-content\/uploads\/2025\/06\/IMG_7330-1152x1536.jpg 1152w, https:\/\/meltingchoc.fr\/wp-content\/uploads\/2025\/06\/IMG_7330-1536x2048.jpg 1536w, https:\/\/meltingchoc.fr\/wp-content\/uploads\/2025\/06\/IMG_7330-scaled.jpg 1920w\" sizes=\"auto, (max-width: 767px) 89vw, (max-width: 1000px) 54vw, (max-width: 1071px) 543px, 580px\" \/><\/figure>\n<\/figure>\n\n\n\n<figure class=\"wp-block-gallery has-nested-images columns-default is-cropped wp-block-gallery-2 is-layout-flex wp-block-gallery-is-layout-flex\"><\/figure>\n<\/div><\/div>\n\n\n\n<figure class=\"wp-block-gallery aligncenter has-nested-images columns-default wp-block-gallery-3 is-layout-flex wp-block-gallery-is-layout-flex\">\n<figure class=\"wp-block-image size-large\"><img loading=\"lazy\" decoding=\"async\" width=\"428\" height=\"1024\" data-id=\"575\" src=\"https:\/\/meltingchoc.fr\/wp-content\/uploads\/2024\/02\/IMG_4658-428x1024.jpeg\" alt=\"\" class=\"wp-image-575\" srcset=\"https:\/\/meltingchoc.fr\/wp-content\/uploads\/2024\/02\/IMG_4658-428x1024.jpeg 428w, https:\/\/meltingchoc.fr\/wp-content\/uploads\/2024\/02\/IMG_4658-125x300.jpeg 125w, https:\/\/meltingchoc.fr\/wp-content\/uploads\/2024\/02\/IMG_4658-642x1536.jpeg 642w, https:\/\/meltingchoc.fr\/wp-content\/uploads\/2024\/02\/IMG_4658.jpeg 752w\" sizes=\"auto, (max-width: 428px) 100vw, 428px\" \/><\/figure>\n<\/figure>\n\n\n\n<figure class=\"wp-block-image\"><img decoding=\"async\" src=\"https:\/\/meltingchoc.fr\/wp-content\/uploads\/2019\/02\/MClogo.jpg\" alt=\"Cette image a un attribut alt vide\u00a0; le nom du fichier est MClogo.jpg\"\/><\/figure>\n","protected":false},"excerpt":{"rendered":"<p>Artisan Glacier Evian, Melting Choc vous invite \u00e0 une exp\u00e9rience givr\u00e9e inoubliable!\u00a0 Des\u00a0glaces artisanales d\u2019un autre monde\u00a0aux sorbets d\u2019exception, notre savoir-faire m\u00eale audace et authenticit\u00e9. Chaque parfum est un v\u00e9ritable voyage : laissez-vous surprendre par les cr\u00e9ations originales de notre Artisan Glacier Evian \u2014\u00a0Myrtille &amp; Poivre de Timut, Poire &amp; Poivre de Java, ou encore\u00a0Ananas &hellip; <\/p>\n<p class=\"link-more\"><a href=\"https:\/\/meltingchoc.fr\/index.php\/artisan-glacier-evian\/\" class=\"more-link\">Continuer la lecture<span class=\"screen-reader-text\"> de &laquo;&nbsp;La Glace&nbsp;&raquo;<\/span><\/a><\/p>\n","protected":false},"author":1,"featured_media":565,"parent":0,"menu_order":0,"comment_status":"closed","ping_status":"closed","template":"","meta":{"footnotes":""},"class_list":["post-563","page","type-page","status-publish","has-post-thumbnail","hentry"],"yoast_head":"<!-- This site is optimized with the Yoast SEO plugin v26.3 - https:\/\/yoast.com\/wordpress\/plugins\/seo\/ -->\n<title>Artisan glacier Evian: Glaces et sorbets maison par Philippe Mourre<\/title>\n<meta name=\"description\" content=\"Artisan glacier Evian : Philippe Mourre propose des glaces et sorbets maison, aux fruits, onctueux et originaux.\" \/>\n<meta name=\"robots\" content=\"index, follow, max-snippet:-1, max-image-preview:large, max-video-preview:-1\" \/>\n<link rel=\"canonical\" href=\"https:\/\/meltingchoc.fr\/index.php\/artisan-glacier-evian\/\" \/>\n<meta property=\"og:locale\" content=\"fr_FR\" \/>\n<meta property=\"og:type\" content=\"article\" \/>\n<meta property=\"og:title\" content=\"Artisan glacier Evian: Glaces et sorbets maison par Philippe Mourre\" \/>\n<meta property=\"og:description\" content=\"Artisan glacier Evian : Philippe Mourre propose des glaces et sorbets maison, aux fruits, onctueux et originaux.\" \/>\n<meta property=\"og:url\" content=\"https:\/\/meltingchoc.fr\/index.php\/artisan-glacier-evian\/\" \/>\n<meta property=\"og:site_name\" content=\"Melting Choc Evian\" \/>\n<meta property=\"article:publisher\" content=\"https:\/\/www.facebook.com\/melting.choc.evian\" \/>\n<meta property=\"article:modified_time\" content=\"2025-11-15T16:29:07+00:00\" \/>\n<meta property=\"og:image\" content=\"https:\/\/meltingchoc.fr\/wp-content\/uploads\/2024\/02\/47bf86a8-8a8e-4aa3-9454-1baa3e647261.jpeg\" \/>\n\t<meta property=\"og:image:width\" content=\"1024\" \/>\n\t<meta property=\"og:image:height\" content=\"768\" \/>\n\t<meta property=\"og:image:type\" content=\"image\/jpeg\" \/>\n<meta name=\"twitter:card\" content=\"summary_large_image\" \/>\n<meta name=\"twitter:label1\" content=\"Dur\u00e9e de lecture estim\u00e9e\" \/>\n\t<meta name=\"twitter:data1\" content=\"3 minutes\" \/>\n<script type=\"application\/ld+json\" class=\"yoast-schema-graph\">{\"@context\":\"https:\/\/schema.org\",\"@graph\":[{\"@type\":\"WebPage\",\"@id\":\"https:\/\/meltingchoc.fr\/index.php\/artisan-glacier-evian\/\",\"url\":\"https:\/\/meltingchoc.fr\/index.php\/artisan-glacier-evian\/\",\"name\":\"Artisan glacier Evian: Glaces et sorbets maison par Philippe Mourre\",\"isPartOf\":{\"@id\":\"https:\/\/meltingchoc.fr\/#website\"},\"primaryImageOfPage\":{\"@id\":\"https:\/\/meltingchoc.fr\/index.php\/artisan-glacier-evian\/#primaryimage\"},\"image\":{\"@id\":\"https:\/\/meltingchoc.fr\/index.php\/artisan-glacier-evian\/#primaryimage\"},\"thumbnailUrl\":\"https:\/\/meltingchoc.fr\/wp-content\/uploads\/2024\/02\/47bf86a8-8a8e-4aa3-9454-1baa3e647261.jpeg\",\"datePublished\":\"2024-02-25T11:06:15+00:00\",\"dateModified\":\"2025-11-15T16:29:07+00:00\",\"description\":\"Artisan glacier Evian : Philippe Mourre propose des glaces et sorbets maison, aux fruits, onctueux et originaux.\",\"breadcrumb\":{\"@id\":\"https:\/\/meltingchoc.fr\/index.php\/artisan-glacier-evian\/#breadcrumb\"},\"inLanguage\":\"fr-FR\",\"potentialAction\":[{\"@type\":\"ReadAction\",\"target\":[\"https:\/\/meltingchoc.fr\/index.php\/artisan-glacier-evian\/\"]}]},{\"@type\":\"ImageObject\",\"inLanguage\":\"fr-FR\",\"@id\":\"https:\/\/meltingchoc.fr\/index.php\/artisan-glacier-evian\/#primaryimage\",\"url\":\"https:\/\/meltingchoc.fr\/wp-content\/uploads\/2024\/02\/47bf86a8-8a8e-4aa3-9454-1baa3e647261.jpeg\",\"contentUrl\":\"https:\/\/meltingchoc.fr\/wp-content\/uploads\/2024\/02\/47bf86a8-8a8e-4aa3-9454-1baa3e647261.jpeg\",\"width\":1024,\"height\":768},{\"@type\":\"BreadcrumbList\",\"@id\":\"https:\/\/meltingchoc.fr\/index.php\/artisan-glacier-evian\/#breadcrumb\",\"itemListElement\":[{\"@type\":\"ListItem\",\"position\":1,\"name\":\"Accueil\",\"item\":\"https:\/\/meltingchoc.fr\/\"},{\"@type\":\"ListItem\",\"position\":2,\"name\":\"La Glace\"}]},{\"@type\":\"WebSite\",\"@id\":\"https:\/\/meltingchoc.fr\/#website\",\"url\":\"https:\/\/meltingchoc.fr\/\",\"name\":\"Melting Choc Evian\",\"description\":\"Glacier Chocolatier P\u00e2tissier\",\"publisher\":{\"@id\":\"https:\/\/meltingchoc.fr\/#organization\"},\"potentialAction\":[{\"@type\":\"SearchAction\",\"target\":{\"@type\":\"EntryPoint\",\"urlTemplate\":\"https:\/\/meltingchoc.fr\/?s={search_term_string}\"},\"query-input\":{\"@type\":\"PropertyValueSpecification\",\"valueRequired\":true,\"valueName\":\"search_term_string\"}}],\"inLanguage\":\"fr-FR\"},{\"@type\":\"Organization\",\"@id\":\"https:\/\/meltingchoc.fr\/#organization\",\"name\":\"Melting Choc Evian\",\"url\":\"https:\/\/meltingchoc.fr\/\",\"logo\":{\"@type\":\"ImageObject\",\"inLanguage\":\"fr-FR\",\"@id\":\"https:\/\/meltingchoc.fr\/#\/schema\/logo\/image\/\",\"url\":\"\",\"contentUrl\":\"\",\"caption\":\"Melting Choc Evian\"},\"image\":{\"@id\":\"https:\/\/meltingchoc.fr\/#\/schema\/logo\/image\/\"},\"sameAs\":[\"https:\/\/www.facebook.com\/melting.choc.evian\",\"https:\/\/www.instagram.com\/explore\/locations\/1169274436548085\/melting-choc-evian\/\"]}]}<\/script>\n<!-- \/ Yoast SEO plugin. -->","yoast_head_json":{"title":"Artisan glacier Evian: Glaces et sorbets maison par Philippe Mourre","description":"Artisan glacier Evian : Philippe Mourre propose des glaces et sorbets maison, aux fruits, onctueux et originaux.","robots":{"index":"index","follow":"follow","max-snippet":"max-snippet:-1","max-image-preview":"max-image-preview:large","max-video-preview":"max-video-preview:-1"},"canonical":"https:\/\/meltingchoc.fr\/index.php\/artisan-glacier-evian\/","og_locale":"fr_FR","og_type":"article","og_title":"Artisan glacier Evian: Glaces et sorbets maison par Philippe Mourre","og_description":"Artisan glacier Evian : Philippe Mourre propose des glaces et sorbets maison, aux fruits, onctueux et originaux.","og_url":"https:\/\/meltingchoc.fr\/index.php\/artisan-glacier-evian\/","og_site_name":"Melting Choc Evian","article_publisher":"https:\/\/www.facebook.com\/melting.choc.evian","article_modified_time":"2025-11-15T16:29:07+00:00","og_image":[{"width":1024,"height":768,"url":"https:\/\/meltingchoc.fr\/wp-content\/uploads\/2024\/02\/47bf86a8-8a8e-4aa3-9454-1baa3e647261.jpeg","type":"image\/jpeg"}],"twitter_card":"summary_large_image","twitter_misc":{"Dur\u00e9e de lecture estim\u00e9e":"3 minutes"},"schema":{"@context":"https:\/\/schema.org","@graph":[{"@type":"WebPage","@id":"https:\/\/meltingchoc.fr\/index.php\/artisan-glacier-evian\/","url":"https:\/\/meltingchoc.fr\/index.php\/artisan-glacier-evian\/","name":"Artisan glacier Evian: Glaces et sorbets maison par Philippe Mourre","isPartOf":{"@id":"https:\/\/meltingchoc.fr\/#website"},"primaryImageOfPage":{"@id":"https:\/\/meltingchoc.fr\/index.php\/artisan-glacier-evian\/#primaryimage"},"image":{"@id":"https:\/\/meltingchoc.fr\/index.php\/artisan-glacier-evian\/#primaryimage"},"thumbnailUrl":"https:\/\/meltingchoc.fr\/wp-content\/uploads\/2024\/02\/47bf86a8-8a8e-4aa3-9454-1baa3e647261.jpeg","datePublished":"2024-02-25T11:06:15+00:00","dateModified":"2025-11-15T16:29:07+00:00","description":"Artisan glacier Evian : Philippe Mourre propose des glaces et sorbets maison, aux fruits, onctueux et originaux.","breadcrumb":{"@id":"https:\/\/meltingchoc.fr\/index.php\/artisan-glacier-evian\/#breadcrumb"},"inLanguage":"fr-FR","potentialAction":[{"@type":"ReadAction","target":["https:\/\/meltingchoc.fr\/index.php\/artisan-glacier-evian\/"]}]},{"@type":"ImageObject","inLanguage":"fr-FR","@id":"https:\/\/meltingchoc.fr\/index.php\/artisan-glacier-evian\/#primaryimage","url":"https:\/\/meltingchoc.fr\/wp-content\/uploads\/2024\/02\/47bf86a8-8a8e-4aa3-9454-1baa3e647261.jpeg","contentUrl":"https:\/\/meltingchoc.fr\/wp-content\/uploads\/2024\/02\/47bf86a8-8a8e-4aa3-9454-1baa3e647261.jpeg","width":1024,"height":768},{"@type":"BreadcrumbList","@id":"https:\/\/meltingchoc.fr\/index.php\/artisan-glacier-evian\/#breadcrumb","itemListElement":[{"@type":"ListItem","position":1,"name":"Accueil","item":"https:\/\/meltingchoc.fr\/"},{"@type":"ListItem","position":2,"name":"La Glace"}]},{"@type":"WebSite","@id":"https:\/\/meltingchoc.fr\/#website","url":"https:\/\/meltingchoc.fr\/","name":"Melting Choc Evian","description":"Glacier Chocolatier P\u00e2tissier","publisher":{"@id":"https:\/\/meltingchoc.fr\/#organization"},"potentialAction":[{"@type":"SearchAction","target":{"@type":"EntryPoint","urlTemplate":"https:\/\/meltingchoc.fr\/?s={search_term_string}"},"query-input":{"@type":"PropertyValueSpecification","valueRequired":true,"valueName":"search_term_string"}}],"inLanguage":"fr-FR"},{"@type":"Organization","@id":"https:\/\/meltingchoc.fr\/#organization","name":"Melting Choc Evian","url":"https:\/\/meltingchoc.fr\/","logo":{"@type":"ImageObject","inLanguage":"fr-FR","@id":"https:\/\/meltingchoc.fr\/#\/schema\/logo\/image\/","url":"","contentUrl":"","caption":"Melting Choc Evian"},"image":{"@id":"https:\/\/meltingchoc.fr\/#\/schema\/logo\/image\/"},"sameAs":["https:\/\/www.facebook.com\/melting.choc.evian","https:\/\/www.instagram.com\/explore\/locations\/1169274436548085\/melting-choc-evian\/"]}]}},"_links":{"self":[{"href":"https:\/\/meltingchoc.fr\/index.php\/wp-json\/wp\/v2\/pages\/563","targetHints":{"allow":["GET"]}}],"collection":[{"href":"https:\/\/meltingchoc.fr\/index.php\/wp-json\/wp\/v2\/pages"}],"about":[{"href":"https:\/\/meltingchoc.fr\/index.php\/wp-json\/wp\/v2\/types\/page"}],"author":[{"embeddable":true,"href":"https:\/\/meltingchoc.fr\/index.php\/wp-json\/wp\/v2\/users\/1"}],"replies":[{"embeddable":true,"href":"https:\/\/meltingchoc.fr\/index.php\/wp-json\/wp\/v2\/comments?post=563"}],"version-history":[{"count":27,"href":"https:\/\/meltingchoc.fr\/index.php\/wp-json\/wp\/v2\/pages\/563\/revisions"}],"predecessor-version":[{"id":857,"href":"https:\/\/meltingchoc.fr\/index.php\/wp-json\/wp\/v2\/pages\/563\/revisions\/857"}],"wp:featuredmedia":[{"embeddable":true,"href":"https:\/\/meltingchoc.fr\/index.php\/wp-json\/wp\/v2\/media\/565"}],"wp:attachment":[{"href":"https:\/\/meltingchoc.fr\/index.php\/wp-json\/wp\/v2\/media?parent=563"}],"curies":[{"name":"wp","href":"https:\/\/api.w.org\/{rel}","templated":true}]}}