{"id":591,"date":"2024-02-27T16:49:01","date_gmt":"2024-02-27T15:49:01","guid":{"rendered":"https:\/\/meltingchoc.fr\/?page_id=591"},"modified":"2025-11-15T16:18:22","modified_gmt":"2025-11-15T15:18:22","slug":"la-boutique-melting-choc","status":"publish","type":"page","link":"https:\/\/meltingchoc.fr\/index.php\/la-boutique-melting-choc\/","title":{"rendered":"La boutique"},"content":{"rendered":"\n<h2 class=\"wp-block-heading\">L\u00e0 o\u00f9 naissent nos cr\u00e9ations<\/h2>\n\n\n\n<p class=\"has-text-align-left\">Situ\u00e9e au c\u0153ur d\u2019<strong><a href=\"https:\/\/www.evian-tourisme.com\/commerce\/melting-choc-patissier-chocolatier-confiseur-glacier-5124169\/\">\u00c9vian-les-Bains<\/a><\/strong>, au 50 Rue Nationale, la boutique Melting Choc est l\u2019adresse incontournable des gourmands en qu\u00eate de saveurs authentiques.<\/p>\n\n\n\n<p>Tous nos produits \u2013 chocolats, p\u00e2tisseries, confiseries et glaces artisanales \u2013 sont fabriqu\u00e9s sur place, dans notre laboratoire, selon des m\u00e9thodes traditionnelles et avec des ingr\u00e9dients soigneusement s\u00e9lectionn\u00e9s. Nos productions sont r\u00e9alis\u00e9es en petites s\u00e9ries afin d&rsquo;assurer une fra\u00eecheur maximale et une qualit\u00e9 sans compromis.<\/p>\n\n\n\n<p class=\"has-text-align-left\">Notre laboratoire de chocolat, visible depuis la boutique, accueille les visiteurs dans un souffle chaud et envo\u00fbtant de cacao. Celui de p\u00e2tisserie, \u00e0 l\u2019\u00e9tage, murmure ses secrets sucr\u00e9s.<\/p>\n\n\n\n<h2 class=\"wp-block-heading\">Horaires d\u2019ouverture:<\/h2>\n\n\n\n<p>L&rsquo;\u00e9quipe <strong>Melting Choc<\/strong> vous accueille:<\/p>\n\n\n\n<ul class=\"wp-block-list\">\n<li><em>Du <strong>Mardi au Samedi<\/strong>, de 9h30 \u00e0 12h30 et de 14h00 \u00e0 19h00<\/em><\/li>\n\n\n\n<li><em>Le <strong>Dimanche<\/strong>, de 9h30 \u00e0 13h00<\/em><\/li>\n\n\n\n<li><em>Fermeture le Lundi<\/em><\/li>\n<\/ul>\n\n\n\n<h2 class=\"wp-block-heading\">Horaires \u00e9tendus en p\u00e9riode festive et estivale<\/h2>\n\n\n\n<p>\u00c0 l\u2019approche de\u00a0<strong>No\u00ebl<\/strong>, de\u00a0<strong>l\u2019\u00c9piphanie<\/strong>, de\u00a0<strong>P\u00e2ques<\/strong>, et pendant les mois de\u00a0<strong>juillet &amp; ao\u00fbt<\/strong>\u00a0:<\/p>\n\n\n\n<ul class=\"wp-block-list\">\n<li><em><strong>Ouverture 7j\/7<\/strong>\u00a0: 9h30 \u2013 12h30 \/ 14h00 \u2013 19h00<\/em><\/li>\n\n\n\n<li><strong>Nocturnes jusqu\u2019\u00e0 22h30<\/strong>\u00a0:\n<ul class=\"wp-block-list\">\n<li>Les\u00a0<strong>week-ends<\/strong>\u00a0de mi-juin \u00e0 mi-juillet<\/li>\n\n\n\n<li><strong>Tous les jours<\/strong>\u00a0de mi-juillet \u00e0 fin ao\u00fbt<\/li>\n<\/ul>\n<\/li>\n<\/ul>\n\n\n\n<figure class=\"wp-block-gallery has-nested-images columns-2 is-cropped wp-block-gallery-1 is-layout-flex wp-block-gallery-is-layout-flex\">\n<figure class=\"wp-block-image size-large\"><img loading=\"lazy\" decoding=\"async\" width=\"1024\" height=\"768\" data-id=\"571\" src=\"https:\/\/meltingchoc.fr\/wp-content\/uploads\/2024\/02\/IMG_2254-1024x768.jpeg\" alt=\"\" class=\"wp-image-571\" srcset=\"https:\/\/meltingchoc.fr\/wp-content\/uploads\/2024\/02\/IMG_2254-1024x768.jpeg 1024w, https:\/\/meltingchoc.fr\/wp-content\/uploads\/2024\/02\/IMG_2254-300x225.jpeg 300w, https:\/\/meltingchoc.fr\/wp-content\/uploads\/2024\/02\/IMG_2254-768x576.jpeg 768w, https:\/\/meltingchoc.fr\/wp-content\/uploads\/2024\/02\/IMG_2254-1536x1152.jpeg 1536w, https:\/\/meltingchoc.fr\/wp-content\/uploads\/2024\/02\/IMG_2254-2048x1536.jpeg 2048w\" sizes=\"auto, (max-width: 767px) 89vw, (max-width: 1000px) 54vw, (max-width: 1071px) 543px, 580px\" \/><\/figure>\n\n\n\n<figure class=\"wp-block-image size-large\"><img loading=\"lazy\" decoding=\"async\" width=\"1024\" height=\"768\" data-id=\"592\" src=\"https:\/\/meltingchoc.fr\/wp-content\/uploads\/2024\/02\/IMG_2318-1024x768.jpeg\" alt=\"\" class=\"wp-image-592\" srcset=\"https:\/\/meltingchoc.fr\/wp-content\/uploads\/2024\/02\/IMG_2318-1024x768.jpeg 1024w, https:\/\/meltingchoc.fr\/wp-content\/uploads\/2024\/02\/IMG_2318-300x225.jpeg 300w, https:\/\/meltingchoc.fr\/wp-content\/uploads\/2024\/02\/IMG_2318-768x576.jpeg 768w, https:\/\/meltingchoc.fr\/wp-content\/uploads\/2024\/02\/IMG_2318-1536x1152.jpeg 1536w, https:\/\/meltingchoc.fr\/wp-content\/uploads\/2024\/02\/IMG_2318-2048x1536.jpeg 2048w\" sizes=\"auto, (max-width: 767px) 89vw, (max-width: 1000px) 54vw, (max-width: 1071px) 543px, 580px\" \/><\/figure>\n\n\n\n<figure class=\"wp-block-image size-large\"><img loading=\"lazy\" decoding=\"async\" width=\"768\" height=\"1024\" data-id=\"566\" src=\"https:\/\/meltingchoc.fr\/wp-content\/uploads\/2024\/02\/17246671-bc90-4080-a31b-52cebad2e482.jpeg\" alt=\"\" class=\"wp-image-566\" srcset=\"https:\/\/meltingchoc.fr\/wp-content\/uploads\/2024\/02\/17246671-bc90-4080-a31b-52cebad2e482.jpeg 768w, https:\/\/meltingchoc.fr\/wp-content\/uploads\/2024\/02\/17246671-bc90-4080-a31b-52cebad2e482-225x300.jpeg 225w\" sizes=\"auto, (max-width: 767px) 89vw, (max-width: 1000px) 54vw, (max-width: 1071px) 543px, 580px\" \/><\/figure>\n<\/figure>\n\n\n\n<figure class=\"wp-block-image\"><img decoding=\"async\" src=\"https:\/\/meltingchoc.fr\/wp-content\/uploads\/2019\/02\/MClogo.jpg\" alt=\"Cette image a un attribut alt vide\u00a0; le nom du fichier est MClogo.jpg\"\/><\/figure>\n","protected":false},"excerpt":{"rendered":"<p>L\u00e0 o\u00f9 naissent nos cr\u00e9ations Situ\u00e9e au c\u0153ur d\u2019\u00c9vian-les-Bains, au 50 Rue Nationale, la boutique Melting Choc est l\u2019adresse incontournable des gourmands en qu\u00eate de saveurs authentiques. Tous nos produits \u2013 chocolats, p\u00e2tisseries, confiseries et glaces artisanales \u2013 sont fabriqu\u00e9s sur place, dans notre laboratoire, selon des m\u00e9thodes traditionnelles et avec des ingr\u00e9dients soigneusement s\u00e9lectionn\u00e9s. &hellip; <\/p>\n<p class=\"link-more\"><a href=\"https:\/\/meltingchoc.fr\/index.php\/la-boutique-melting-choc\/\" class=\"more-link\">Continuer la lecture<span class=\"screen-reader-text\"> de &laquo;&nbsp;La boutique&nbsp;&raquo;<\/span><\/a><\/p>\n","protected":false},"author":1,"featured_media":606,"parent":0,"menu_order":0,"comment_status":"closed","ping_status":"closed","template":"","meta":{"footnotes":""},"class_list":["post-591","page","type-page","status-publish","has-post-thumbnail","hentry"],"yoast_head":"<!-- This site is optimized with the Yoast SEO plugin v26.3 - https:\/\/yoast.com\/wordpress\/plugins\/seo\/ -->\n<title>Melting Choc: La boutique<\/title>\n<meta name=\"description\" content=\"Melting Choc: Chocolats, p\u00e2tisseries et glaces artisanales \u00e0 \u00c9vian-les-Bains. Fabrication maison, parfums authentiques.\" \/>\n<meta name=\"robots\" content=\"index, follow, max-snippet:-1, max-image-preview:large, max-video-preview:-1\" \/>\n<link rel=\"canonical\" href=\"https:\/\/meltingchoc.fr\/index.php\/la-boutique-melting-choc\/\" \/>\n<meta property=\"og:locale\" content=\"fr_FR\" \/>\n<meta property=\"og:type\" content=\"article\" \/>\n<meta property=\"og:title\" content=\"Melting Choc: La boutique\" \/>\n<meta property=\"og:description\" content=\"Melting Choc: Chocolats, p\u00e2tisseries et glaces artisanales \u00e0 \u00c9vian-les-Bains. Fabrication maison, parfums authentiques.\" \/>\n<meta property=\"og:url\" content=\"https:\/\/meltingchoc.fr\/index.php\/la-boutique-melting-choc\/\" \/>\n<meta property=\"og:site_name\" content=\"Melting Choc Evian\" \/>\n<meta property=\"article:publisher\" content=\"https:\/\/www.facebook.com\/melting.choc.evian\" \/>\n<meta property=\"article:modified_time\" content=\"2025-11-15T15:18:22+00:00\" \/>\n<meta property=\"og:image\" content=\"https:\/\/meltingchoc.fr\/wp-content\/uploads\/2024\/02\/IMG_4880.jpeg\" \/>\n\t<meta property=\"og:image:width\" content=\"1600\" \/>\n\t<meta property=\"og:image:height\" content=\"1200\" \/>\n\t<meta property=\"og:image:type\" content=\"image\/jpeg\" \/>\n<meta name=\"twitter:card\" content=\"summary_large_image\" \/>\n<meta name=\"twitter:label1\" content=\"Dur\u00e9e de lecture estim\u00e9e\" \/>\n\t<meta name=\"twitter:data1\" content=\"2 minutes\" \/>\n<script type=\"application\/ld+json\" class=\"yoast-schema-graph\">{\"@context\":\"https:\/\/schema.org\",\"@graph\":[{\"@type\":\"WebPage\",\"@id\":\"https:\/\/meltingchoc.fr\/index.php\/la-boutique-melting-choc\/\",\"url\":\"https:\/\/meltingchoc.fr\/index.php\/la-boutique-melting-choc\/\",\"name\":\"Melting Choc: La boutique\",\"isPartOf\":{\"@id\":\"https:\/\/meltingchoc.fr\/#website\"},\"primaryImageOfPage\":{\"@id\":\"https:\/\/meltingchoc.fr\/index.php\/la-boutique-melting-choc\/#primaryimage\"},\"image\":{\"@id\":\"https:\/\/meltingchoc.fr\/index.php\/la-boutique-melting-choc\/#primaryimage\"},\"thumbnailUrl\":\"https:\/\/meltingchoc.fr\/wp-content\/uploads\/2024\/02\/IMG_4880.jpeg\",\"datePublished\":\"2024-02-27T15:49:01+00:00\",\"dateModified\":\"2025-11-15T15:18:22+00:00\",\"description\":\"Melting Choc: Chocolats, p\u00e2tisseries et glaces artisanales \u00e0 \u00c9vian-les-Bains. Fabrication maison, parfums authentiques.\",\"breadcrumb\":{\"@id\":\"https:\/\/meltingchoc.fr\/index.php\/la-boutique-melting-choc\/#breadcrumb\"},\"inLanguage\":\"fr-FR\",\"potentialAction\":[{\"@type\":\"ReadAction\",\"target\":[\"https:\/\/meltingchoc.fr\/index.php\/la-boutique-melting-choc\/\"]}]},{\"@type\":\"ImageObject\",\"inLanguage\":\"fr-FR\",\"@id\":\"https:\/\/meltingchoc.fr\/index.php\/la-boutique-melting-choc\/#primaryimage\",\"url\":\"https:\/\/meltingchoc.fr\/wp-content\/uploads\/2024\/02\/IMG_4880.jpeg\",\"contentUrl\":\"https:\/\/meltingchoc.fr\/wp-content\/uploads\/2024\/02\/IMG_4880.jpeg\",\"width\":1600,\"height\":1200},{\"@type\":\"BreadcrumbList\",\"@id\":\"https:\/\/meltingchoc.fr\/index.php\/la-boutique-melting-choc\/#breadcrumb\",\"itemListElement\":[{\"@type\":\"ListItem\",\"position\":1,\"name\":\"Accueil\",\"item\":\"https:\/\/meltingchoc.fr\/\"},{\"@type\":\"ListItem\",\"position\":2,\"name\":\"La boutique\"}]},{\"@type\":\"WebSite\",\"@id\":\"https:\/\/meltingchoc.fr\/#website\",\"url\":\"https:\/\/meltingchoc.fr\/\",\"name\":\"Melting Choc Evian\",\"description\":\"Glacier Chocolatier P\u00e2tissier\",\"publisher\":{\"@id\":\"https:\/\/meltingchoc.fr\/#organization\"},\"potentialAction\":[{\"@type\":\"SearchAction\",\"target\":{\"@type\":\"EntryPoint\",\"urlTemplate\":\"https:\/\/meltingchoc.fr\/?s={search_term_string}\"},\"query-input\":{\"@type\":\"PropertyValueSpecification\",\"valueRequired\":true,\"valueName\":\"search_term_string\"}}],\"inLanguage\":\"fr-FR\"},{\"@type\":\"Organization\",\"@id\":\"https:\/\/meltingchoc.fr\/#organization\",\"name\":\"Melting Choc Evian\",\"url\":\"https:\/\/meltingchoc.fr\/\",\"logo\":{\"@type\":\"ImageObject\",\"inLanguage\":\"fr-FR\",\"@id\":\"https:\/\/meltingchoc.fr\/#\/schema\/logo\/image\/\",\"url\":\"\",\"contentUrl\":\"\",\"caption\":\"Melting Choc Evian\"},\"image\":{\"@id\":\"https:\/\/meltingchoc.fr\/#\/schema\/logo\/image\/\"},\"sameAs\":[\"https:\/\/www.facebook.com\/melting.choc.evian\",\"https:\/\/www.instagram.com\/explore\/locations\/1169274436548085\/melting-choc-evian\/\"]}]}<\/script>\n<!-- \/ Yoast SEO plugin. -->","yoast_head_json":{"title":"Melting Choc: La boutique","description":"Melting Choc: Chocolats, p\u00e2tisseries et glaces artisanales \u00e0 \u00c9vian-les-Bains. Fabrication maison, parfums authentiques.","robots":{"index":"index","follow":"follow","max-snippet":"max-snippet:-1","max-image-preview":"max-image-preview:large","max-video-preview":"max-video-preview:-1"},"canonical":"https:\/\/meltingchoc.fr\/index.php\/la-boutique-melting-choc\/","og_locale":"fr_FR","og_type":"article","og_title":"Melting Choc: La boutique","og_description":"Melting Choc: Chocolats, p\u00e2tisseries et glaces artisanales \u00e0 \u00c9vian-les-Bains. Fabrication maison, parfums authentiques.","og_url":"https:\/\/meltingchoc.fr\/index.php\/la-boutique-melting-choc\/","og_site_name":"Melting Choc Evian","article_publisher":"https:\/\/www.facebook.com\/melting.choc.evian","article_modified_time":"2025-11-15T15:18:22+00:00","og_image":[{"width":1600,"height":1200,"url":"https:\/\/meltingchoc.fr\/wp-content\/uploads\/2024\/02\/IMG_4880.jpeg","type":"image\/jpeg"}],"twitter_card":"summary_large_image","twitter_misc":{"Dur\u00e9e de lecture estim\u00e9e":"2 minutes"},"schema":{"@context":"https:\/\/schema.org","@graph":[{"@type":"WebPage","@id":"https:\/\/meltingchoc.fr\/index.php\/la-boutique-melting-choc\/","url":"https:\/\/meltingchoc.fr\/index.php\/la-boutique-melting-choc\/","name":"Melting Choc: La boutique","isPartOf":{"@id":"https:\/\/meltingchoc.fr\/#website"},"primaryImageOfPage":{"@id":"https:\/\/meltingchoc.fr\/index.php\/la-boutique-melting-choc\/#primaryimage"},"image":{"@id":"https:\/\/meltingchoc.fr\/index.php\/la-boutique-melting-choc\/#primaryimage"},"thumbnailUrl":"https:\/\/meltingchoc.fr\/wp-content\/uploads\/2024\/02\/IMG_4880.jpeg","datePublished":"2024-02-27T15:49:01+00:00","dateModified":"2025-11-15T15:18:22+00:00","description":"Melting Choc: Chocolats, p\u00e2tisseries et glaces artisanales \u00e0 \u00c9vian-les-Bains. Fabrication maison, parfums authentiques.","breadcrumb":{"@id":"https:\/\/meltingchoc.fr\/index.php\/la-boutique-melting-choc\/#breadcrumb"},"inLanguage":"fr-FR","potentialAction":[{"@type":"ReadAction","target":["https:\/\/meltingchoc.fr\/index.php\/la-boutique-melting-choc\/"]}]},{"@type":"ImageObject","inLanguage":"fr-FR","@id":"https:\/\/meltingchoc.fr\/index.php\/la-boutique-melting-choc\/#primaryimage","url":"https:\/\/meltingchoc.fr\/wp-content\/uploads\/2024\/02\/IMG_4880.jpeg","contentUrl":"https:\/\/meltingchoc.fr\/wp-content\/uploads\/2024\/02\/IMG_4880.jpeg","width":1600,"height":1200},{"@type":"BreadcrumbList","@id":"https:\/\/meltingchoc.fr\/index.php\/la-boutique-melting-choc\/#breadcrumb","itemListElement":[{"@type":"ListItem","position":1,"name":"Accueil","item":"https:\/\/meltingchoc.fr\/"},{"@type":"ListItem","position":2,"name":"La boutique"}]},{"@type":"WebSite","@id":"https:\/\/meltingchoc.fr\/#website","url":"https:\/\/meltingchoc.fr\/","name":"Melting Choc Evian","description":"Glacier Chocolatier P\u00e2tissier","publisher":{"@id":"https:\/\/meltingchoc.fr\/#organization"},"potentialAction":[{"@type":"SearchAction","target":{"@type":"EntryPoint","urlTemplate":"https:\/\/meltingchoc.fr\/?s={search_term_string}"},"query-input":{"@type":"PropertyValueSpecification","valueRequired":true,"valueName":"search_term_string"}}],"inLanguage":"fr-FR"},{"@type":"Organization","@id":"https:\/\/meltingchoc.fr\/#organization","name":"Melting Choc Evian","url":"https:\/\/meltingchoc.fr\/","logo":{"@type":"ImageObject","inLanguage":"fr-FR","@id":"https:\/\/meltingchoc.fr\/#\/schema\/logo\/image\/","url":"","contentUrl":"","caption":"Melting Choc Evian"},"image":{"@id":"https:\/\/meltingchoc.fr\/#\/schema\/logo\/image\/"},"sameAs":["https:\/\/www.facebook.com\/melting.choc.evian","https:\/\/www.instagram.com\/explore\/locations\/1169274436548085\/melting-choc-evian\/"]}]}},"_links":{"self":[{"href":"https:\/\/meltingchoc.fr\/index.php\/wp-json\/wp\/v2\/pages\/591","targetHints":{"allow":["GET"]}}],"collection":[{"href":"https:\/\/meltingchoc.fr\/index.php\/wp-json\/wp\/v2\/pages"}],"about":[{"href":"https:\/\/meltingchoc.fr\/index.php\/wp-json\/wp\/v2\/types\/page"}],"author":[{"embeddable":true,"href":"https:\/\/meltingchoc.fr\/index.php\/wp-json\/wp\/v2\/users\/1"}],"replies":[{"embeddable":true,"href":"https:\/\/meltingchoc.fr\/index.php\/wp-json\/wp\/v2\/comments?post=591"}],"version-history":[{"count":4,"href":"https:\/\/meltingchoc.fr\/index.php\/wp-json\/wp\/v2\/pages\/591\/revisions"}],"predecessor-version":[{"id":845,"href":"https:\/\/meltingchoc.fr\/index.php\/wp-json\/wp\/v2\/pages\/591\/revisions\/845"}],"wp:featuredmedia":[{"embeddable":true,"href":"https:\/\/meltingchoc.fr\/index.php\/wp-json\/wp\/v2\/media\/606"}],"wp:attachment":[{"href":"https:\/\/meltingchoc.fr\/index.php\/wp-json\/wp\/v2\/media?parent=591"}],"curies":[{"name":"wp","href":"https:\/\/api.w.org\/{rel}","templated":true}]}}